{"id":14526,"date":"2025-02-06T22:43:23","date_gmt":"2025-02-06T22:43:23","guid":{"rendered":"https:\/\/lhvcnewsletter.com\/weddings-article\/"},"modified":"2025-04-22T16:22:33","modified_gmt":"2025-04-22T16:22:33","slug":"weddings-article","status":"publish","type":"page","link":"https:\/\/lhvcnewsletter.com\/es\/weddings-article\/","title":{"rendered":"Bodas y Eventos Especiales"},"content":{"rendered":"\t\t<div data-elementor-type=\"wp-page\" data-elementor-id=\"14526\" class=\"elementor elementor-14526 elementor-12336\" data-elementor-post-type=\"page\">\n\t\t\t\t\t\t<section class=\"elementor-section elementor-top-section elementor-element elementor-element-5d0e4794 elementor-section-full_width elementor-section-height-default elementor-section-height-default\" data-id=\"5d0e4794\" data-element_type=\"section\" data-e-type=\"section\" data-settings=\"{&quot;shape_divider_bottom&quot;:&quot;curve&quot;,&quot;shape_divider_bottom_negative&quot;:&quot;yes&quot;}\">\n\t\t\t\t\t<div class=\"elementor-shape elementor-shape-bottom\" aria-hidden=\"true\" data-negative=\"true\">\n\t\t\t<svg xmlns=\"http:\/\/www.w3.org\/2000\/svg\" viewBox=\"0 0 1000 100\" preserveAspectRatio=\"none\">\n\t<path class=\"elementor-shape-fill\" d=\"M500,97C126.7,96.3,0.8,19.8,0,0v100l1000,0V1C1000,19.4,873.3,97.8,500,97z\"\/>\n<\/svg>\t\t<\/div>\n\t\t\t\t\t<div class=\"elementor-container elementor-column-gap-no\">\n\t\t\t\t\t<div class=\"elementor-column elementor-col-100 elementor-top-column elementor-element elementor-element-5a689e82\" data-id=\"5a689e82\" data-element_type=\"column\" data-e-type=\"column\">\n\t\t\t<div class=\"elementor-widget-wrap elementor-element-populated\">\n\t\t\t\t\t\t<div class=\"elementor-element elementor-element-0d6425a elementor-widget elementor-widget-heading\" data-id=\"0d6425a\" data-element_type=\"widget\" data-e-type=\"widget\" data-widget_type=\"heading.default\">\n\t\t\t\t<div class=\"elementor-widget-container\">\n\t\t\t\t\t<h2 class=\"elementor-heading-title elementor-size-default\">Bodas y Eventos Especiales<\/h2>\t\t\t\t<\/div>\n\t\t\t\t<\/div>\n\t\t\t\t<div class=\"elementor-element elementor-element-4c5746a8 elementor-cta--valign-middle elementor-cta--skin-cover elementor-bg-transform elementor-bg-transform-zoom-in elementor-widget elementor-widget-call-to-action\" data-id=\"4c5746a8\" data-element_type=\"widget\" data-e-type=\"widget\" data-widget_type=\"call-to-action.default\">\n\t\t\t\t<div class=\"elementor-widget-container\">\n\t\t\t\t\t\t\t<div class=\"elementor-cta\">\n\t\t\t\t\t<div class=\"elementor-cta__bg-wrapper\">\n\t\t\t\t<div class=\"elementor-cta__bg elementor-bg\" style=\"background-image: url(https:\/\/lhvcnewsletter.com\/wp-content\/uploads\/2025\/03\/wedding-scaled.jpg);\" role=\"img\" aria-label=\"wedding\"><\/div>\n\t\t\t\t<div class=\"elementor-cta__bg-overlay\"><\/div>\n\t\t\t<\/div>\n\t\t\t\t\t\t\t<div class=\"elementor-cta__content\">\n\t\t\t\t\t\t\t\t\t<div class=\"elementor-content-item elementor-cta__content-item elementor-cta__image\">\n\t\t\t\t\t\t<img fetchpriority=\"high\" decoding=\"async\" width=\"351\" height=\"179\" src=\"https:\/\/lhvcnewsletter.com\/wp-content\/uploads\/2025\/03\/Destination_Paradise_Wedding_Logo.png\" class=\"attachment-full size-full wp-image-14139\" alt=\"\" srcset=\"https:\/\/lhvcnewsletter.com\/wp-content\/uploads\/2025\/03\/Destination_Paradise_Wedding_Logo.png 351w, https:\/\/lhvcnewsletter.com\/wp-content\/uploads\/2025\/03\/Destination_Paradise_Wedding_Logo-300x153.png 300w\" sizes=\"(max-width: 351px) 100vw, 351px\" \/>\t\t\t\t\t<\/div>\n\t\t\t\t\n\t\t\t\t\t\t\t\t\t<h1 class=\"elementor-cta__title elementor-cta__content-item elementor-content-item\">\n\t\t\t\t\t\tLa Boda que Te Mereces.\t\t\t\t\t<\/h1>\n\t\t\t\t\n\t\t\t\t\n\t\t\t\t\t\t\t<\/div>\n\t\t\t\t\t\t<\/div>\n\t\t\t\t\t\t<\/div>\n\t\t\t\t<\/div>\n\t\t\t\t\t<\/div>\n\t\t<\/div>\n\t\t\t\t\t<\/div>\n\t\t<\/section>\n\t\t<div class=\"elementor-element elementor-element-cf337c3 e-flex e-con-boxed e-con e-parent\" data-id=\"cf337c3\" data-element_type=\"container\" data-e-type=\"container\">\n\t\t\t\t\t<div class=\"e-con-inner\">\n\t\t\t\t<div class=\"elementor-element elementor-element-26c0f02 elementor-widget elementor-widget-spacer\" data-id=\"26c0f02\" data-element_type=\"widget\" data-e-type=\"widget\" data-widget_type=\"spacer.default\">\n\t\t\t\t<div class=\"elementor-widget-container\">\n\t\t\t\t\t\t\t<div class=\"elementor-spacer\">\n\t\t\t<div class=\"elementor-spacer-inner\"><\/div>\n\t\t<\/div>\n\t\t\t\t\t\t<\/div>\n\t\t\t\t<\/div>\n\t\t\t\t<div class=\"elementor-element elementor-element-f7722bf elementor-widget elementor-widget-heading\" data-id=\"f7722bf\" data-element_type=\"widget\" data-e-type=\"widget\" data-widget_type=\"heading.default\">\n\t\t\t\t<div class=\"elementor-widget-container\">\n\t\t\t\t\t<h2 class=\"elementor-heading-title elementor-size-default\">S\u00d3LO DI \u201cACEPTO\u201d\n\n<\/h2>\t\t\t\t<\/div>\n\t\t\t\t<\/div>\n\t\t\t\t<div class=\"elementor-element elementor-element-8dc0679 elementor-widget elementor-widget-text-editor\" data-id=\"8dc0679\" data-element_type=\"widget\" data-e-type=\"widget\" data-widget_type=\"text-editor.default\">\n\t\t\t\t<div class=\"elementor-widget-container\">\n\t\t\t\t\t\t\t\t\t<p><span lang=\"ES-DO\">Permite que Weddings by Lifestyle haga realidad tus sue\u00f1os. Nuestro compromiso es ofrecer a nuestros hu\u00e9spedes una colecci\u00f3n de paquetes de bodas a precios competitivos, basados en la innovaci\u00f3n, honestidad y responsabilidad de un equipo profesional que garantiza los m\u00e1s altos est\u00e1ndares de calidad y servicio, creando una experiencia incre\u00edble y recuerdos \u00fanicos.<\/span><\/p>\t\t\t\t\t\t\t\t<\/div>\n\t\t\t\t<\/div>\n\t\t<div class=\"elementor-element elementor-element-43090b3 e-con-full e-flex e-con e-child\" data-id=\"43090b3\" data-element_type=\"container\" data-e-type=\"container\">\n\t\t\t\t<div class=\"elementor-element elementor-element-c7d10fa elementor-widget elementor-widget-gallery\" data-id=\"c7d10fa\" data-element_type=\"widget\" data-e-type=\"widget\" data-settings=\"{&quot;gallery_layout&quot;:&quot;justified&quot;,&quot;ideal_row_height&quot;:{&quot;unit&quot;:&quot;px&quot;,&quot;size&quot;:239,&quot;sizes&quot;:[]},&quot;lazyload&quot;:&quot;yes&quot;,&quot;ideal_row_height_tablet&quot;:{&quot;unit&quot;:&quot;px&quot;,&quot;size&quot;:150,&quot;sizes&quot;:[]},&quot;ideal_row_height_mobile&quot;:{&quot;unit&quot;:&quot;px&quot;,&quot;size&quot;:150,&quot;sizes&quot;:[]},&quot;gap&quot;:{&quot;unit&quot;:&quot;px&quot;,&quot;size&quot;:10,&quot;sizes&quot;:[]},&quot;gap_tablet&quot;:{&quot;unit&quot;:&quot;px&quot;,&quot;size&quot;:10,&quot;sizes&quot;:[]},&quot;gap_mobile&quot;:{&quot;unit&quot;:&quot;px&quot;,&quot;size&quot;:10,&quot;sizes&quot;:[]},&quot;link_to&quot;:&quot;file&quot;,&quot;overlay_background&quot;:&quot;yes&quot;,&quot;content_hover_animation&quot;:&quot;fade-in&quot;}\" data-widget_type=\"gallery.default\">\n\t\t\t\t<div class=\"elementor-widget-container\">\n\t\t\t\t\t\t\t<div class=\"elementor-gallery__container\">\n\t\t\t\t\t\t\t<a class=\"e-gallery-item elementor-gallery-item elementor-animated-content\" href=\"https:\/\/lhvcnewsletter.com\/wp-content\/uploads\/2025\/02\/2024_Weddings_02.jpg\" data-elementor-open-lightbox=\"yes\" data-elementor-lightbox-slideshow=\"c7d10fa\" data-elementor-lightbox-description=\"2024_Weddings_02\" data-e-action-hash=\"#elementor-action%3Aaction%3Dlightbox%26settings%3DeyJpZCI6MTMxOTcsInVybCI6Imh0dHBzOlwvXC9saHZjbmV3c2xldHRlci5jb21cL3dwLWNvbnRlbnRcL3VwbG9hZHNcLzIwMjVcLzAyXC8yMDI0X1dlZGRpbmdzXzAyLmpwZyIsInNsaWRlc2hvdyI6ImM3ZDEwZmEifQ%3D%3D\">\n\t\t\t\t\t<div class=\"e-gallery-image elementor-gallery-item__image\" data-thumbnail=\"https:\/\/lhvcnewsletter.com\/wp-content\/uploads\/2025\/02\/2024_Weddings_02-200x300.jpg\" data-width=\"200\" data-height=\"300\" aria-label=\"\" role=\"img\" ><\/div>\n\t\t\t\t\t\t\t\t\t\t\t<div class=\"elementor-gallery-item__overlay\"><\/div>\n\t\t\t\t\t\t\t\t\t\t\t\t\t\t<\/a>\n\t\t\t\t\t\t\t<a class=\"e-gallery-item elementor-gallery-item elementor-animated-content\" href=\"https:\/\/lhvcnewsletter.com\/wp-content\/uploads\/2025\/02\/2024_Weddings_13-scaled.jpg\" data-elementor-open-lightbox=\"yes\" data-elementor-lightbox-slideshow=\"c7d10fa\" data-elementor-lightbox-description=\"2024_Weddings_13\" data-e-action-hash=\"#elementor-action%3Aaction%3Dlightbox%26settings%3DeyJpZCI6MTMxOTEsInVybCI6Imh0dHBzOlwvXC9saHZjbmV3c2xldHRlci5jb21cL3dwLWNvbnRlbnRcL3VwbG9hZHNcLzIwMjVcLzAyXC8yMDI0X1dlZGRpbmdzXzEzLXNjYWxlZC5qcGciLCJzbGlkZXNob3ciOiJjN2QxMGZhIn0%3D\">\n\t\t\t\t\t<div class=\"e-gallery-image elementor-gallery-item__image\" data-thumbnail=\"https:\/\/lhvcnewsletter.com\/wp-content\/uploads\/2025\/02\/2024_Weddings_13-300x200.jpg\" data-width=\"300\" data-height=\"200\" aria-label=\"\" role=\"img\" ><\/div>\n\t\t\t\t\t\t\t\t\t\t\t<div class=\"elementor-gallery-item__overlay\"><\/div>\n\t\t\t\t\t\t\t\t\t\t\t\t\t\t<\/a>\n\t\t\t\t\t\t\t<a class=\"e-gallery-item elementor-gallery-item elementor-animated-content\" href=\"https:\/\/lhvcnewsletter.com\/wp-content\/uploads\/2025\/02\/2024_Weddings_01-1.jpg\" data-elementor-open-lightbox=\"yes\" data-elementor-lightbox-slideshow=\"c7d10fa\" data-elementor-lightbox-description=\"2024_Weddings_01\" data-e-action-hash=\"#elementor-action%3Aaction%3Dlightbox%26settings%3DeyJpZCI6MTMxOTUsInVybCI6Imh0dHBzOlwvXC9saHZjbmV3c2xldHRlci5jb21cL3dwLWNvbnRlbnRcL3VwbG9hZHNcLzIwMjVcLzAyXC8yMDI0X1dlZGRpbmdzXzAxLTEuanBnIiwic2xpZGVzaG93IjoiYzdkMTBmYSJ9\">\n\t\t\t\t\t<div class=\"e-gallery-image elementor-gallery-item__image\" data-thumbnail=\"https:\/\/lhvcnewsletter.com\/wp-content\/uploads\/2025\/02\/2024_Weddings_01-1-300x200.jpg\" data-width=\"300\" data-height=\"200\" aria-label=\"\" role=\"img\" ><\/div>\n\t\t\t\t\t\t\t\t\t\t\t<div class=\"elementor-gallery-item__overlay\"><\/div>\n\t\t\t\t\t\t\t\t\t\t\t\t\t\t<\/a>\n\t\t\t\t\t\t\t<a class=\"e-gallery-item elementor-gallery-item elementor-animated-content\" href=\"https:\/\/lhvcnewsletter.com\/wp-content\/uploads\/2025\/02\/2024_Weddings_06.jpg\" data-elementor-open-lightbox=\"yes\" data-elementor-lightbox-slideshow=\"c7d10fa\" data-elementor-lightbox-description=\"2024_Weddings_06\" data-e-action-hash=\"#elementor-action%3Aaction%3Dlightbox%26settings%3DeyJpZCI6MTMyMDMsInVybCI6Imh0dHBzOlwvXC9saHZjbmV3c2xldHRlci5jb21cL3dwLWNvbnRlbnRcL3VwbG9hZHNcLzIwMjVcLzAyXC8yMDI0X1dlZGRpbmdzXzA2LmpwZyIsInNsaWRlc2hvdyI6ImM3ZDEwZmEifQ%3D%3D\">\n\t\t\t\t\t<div class=\"e-gallery-image elementor-gallery-item__image\" data-thumbnail=\"https:\/\/lhvcnewsletter.com\/wp-content\/uploads\/2025\/02\/2024_Weddings_06-200x300.jpg\" data-width=\"200\" data-height=\"300\" aria-label=\"\" role=\"img\" ><\/div>\n\t\t\t\t\t\t\t\t\t\t\t<div class=\"elementor-gallery-item__overlay\"><\/div>\n\t\t\t\t\t\t\t\t\t\t\t\t\t\t<\/a>\n\t\t\t\t\t\t\t<a class=\"e-gallery-item elementor-gallery-item elementor-animated-content\" href=\"https:\/\/lhvcnewsletter.com\/wp-content\/uploads\/2025\/02\/2024_Weddings_39.jpg\" data-elementor-open-lightbox=\"yes\" data-elementor-lightbox-slideshow=\"c7d10fa\" data-elementor-lightbox-description=\"2024_Weddings_39\" data-e-action-hash=\"#elementor-action%3Aaction%3Dlightbox%26settings%3DeyJpZCI6MTMyMTcsInVybCI6Imh0dHBzOlwvXC9saHZjbmV3c2xldHRlci5jb21cL3dwLWNvbnRlbnRcL3VwbG9hZHNcLzIwMjVcLzAyXC8yMDI0X1dlZGRpbmdzXzM5LmpwZyIsInNsaWRlc2hvdyI6ImM3ZDEwZmEifQ%3D%3D\">\n\t\t\t\t\t<div class=\"e-gallery-image elementor-gallery-item__image\" data-thumbnail=\"https:\/\/lhvcnewsletter.com\/wp-content\/uploads\/2025\/02\/2024_Weddings_39-300x200.jpg\" data-width=\"300\" data-height=\"200\" aria-label=\"\" role=\"img\" ><\/div>\n\t\t\t\t\t\t\t\t\t\t\t<div class=\"elementor-gallery-item__overlay\"><\/div>\n\t\t\t\t\t\t\t\t\t\t\t\t\t\t<\/a>\n\t\t\t\t\t\t\t<a class=\"e-gallery-item elementor-gallery-item elementor-animated-content\" href=\"https:\/\/lhvcnewsletter.com\/wp-content\/uploads\/2025\/02\/2024_Weddings_10.jpg\" data-elementor-open-lightbox=\"yes\" data-elementor-lightbox-slideshow=\"c7d10fa\" data-elementor-lightbox-description=\"2024_Weddings_10\" data-e-action-hash=\"#elementor-action%3Aaction%3Dlightbox%26settings%3DeyJpZCI6MTMyMDcsInVybCI6Imh0dHBzOlwvXC9saHZjbmV3c2xldHRlci5jb21cL3dwLWNvbnRlbnRcL3VwbG9hZHNcLzIwMjVcLzAyXC8yMDI0X1dlZGRpbmdzXzEwLmpwZyIsInNsaWRlc2hvdyI6ImM3ZDEwZmEifQ%3D%3D\">\n\t\t\t\t\t<div class=\"e-gallery-image elementor-gallery-item__image\" data-thumbnail=\"https:\/\/lhvcnewsletter.com\/wp-content\/uploads\/2025\/02\/2024_Weddings_10-200x300.jpg\" data-width=\"200\" data-height=\"300\" aria-label=\"\" role=\"img\" ><\/div>\n\t\t\t\t\t\t\t\t\t\t\t<div class=\"elementor-gallery-item__overlay\"><\/div>\n\t\t\t\t\t\t\t\t\t\t\t\t\t\t<\/a>\n\t\t\t\t\t\t\t<a class=\"e-gallery-item elementor-gallery-item elementor-animated-content\" href=\"https:\/\/lhvcnewsletter.com\/wp-content\/uploads\/2025\/02\/Weddings-Stock_005.jpg\" data-elementor-open-lightbox=\"yes\" data-elementor-lightbox-slideshow=\"c7d10fa\" data-elementor-lightbox-description=\"Weddings-Stock_005\" data-e-action-hash=\"#elementor-action%3Aaction%3Dlightbox%26settings%3DeyJpZCI6MTMyNDMsInVybCI6Imh0dHBzOlwvXC9saHZjbmV3c2xldHRlci5jb21cL3dwLWNvbnRlbnRcL3VwbG9hZHNcLzIwMjVcLzAyXC9XZWRkaW5ncy1TdG9ja18wMDUuanBnIiwic2xpZGVzaG93IjoiYzdkMTBmYSJ9\">\n\t\t\t\t\t<div class=\"e-gallery-image elementor-gallery-item__image\" data-thumbnail=\"https:\/\/lhvcnewsletter.com\/wp-content\/uploads\/2025\/02\/Weddings-Stock_005-300x235.jpg\" data-width=\"300\" data-height=\"235\" aria-label=\"\" role=\"img\" ><\/div>\n\t\t\t\t\t\t\t\t\t\t\t<div class=\"elementor-gallery-item__overlay\"><\/div>\n\t\t\t\t\t\t\t\t\t\t\t\t\t\t<\/a>\n\t\t\t\t\t\t\t<a class=\"e-gallery-item elementor-gallery-item elementor-animated-content\" href=\"https:\/\/lhvcnewsletter.com\/wp-content\/uploads\/2025\/02\/2024_Weddings_37.jpg\" data-elementor-open-lightbox=\"yes\" data-elementor-lightbox-slideshow=\"c7d10fa\" data-elementor-lightbox-description=\"2024_Weddings_37\" data-e-action-hash=\"#elementor-action%3Aaction%3Dlightbox%26settings%3DeyJpZCI6MTMyMTUsInVybCI6Imh0dHBzOlwvXC9saHZjbmV3c2xldHRlci5jb21cL3dwLWNvbnRlbnRcL3VwbG9hZHNcLzIwMjVcLzAyXC8yMDI0X1dlZGRpbmdzXzM3LmpwZyIsInNsaWRlc2hvdyI6ImM3ZDEwZmEifQ%3D%3D\">\n\t\t\t\t\t<div class=\"e-gallery-image elementor-gallery-item__image\" data-thumbnail=\"https:\/\/lhvcnewsletter.com\/wp-content\/uploads\/2025\/02\/2024_Weddings_37-300x200.jpg\" data-width=\"300\" data-height=\"200\" aria-label=\"\" role=\"img\" ><\/div>\n\t\t\t\t\t\t\t\t\t\t\t<div class=\"elementor-gallery-item__overlay\"><\/div>\n\t\t\t\t\t\t\t\t\t\t\t\t\t\t<\/a>\n\t\t\t\t\t\t\t<a class=\"e-gallery-item elementor-gallery-item elementor-animated-content\" href=\"https:\/\/lhvcnewsletter.com\/wp-content\/uploads\/2025\/02\/2024_Weddings_05.jpg\" data-elementor-open-lightbox=\"yes\" data-elementor-lightbox-slideshow=\"c7d10fa\" data-elementor-lightbox-description=\"2024_Weddings_05\" data-e-action-hash=\"#elementor-action%3Aaction%3Dlightbox%26settings%3DeyJpZCI6MTMyMDEsInVybCI6Imh0dHBzOlwvXC9saHZjbmV3c2xldHRlci5jb21cL3dwLWNvbnRlbnRcL3VwbG9hZHNcLzIwMjVcLzAyXC8yMDI0X1dlZGRpbmdzXzA1LmpwZyIsInNsaWRlc2hvdyI6ImM3ZDEwZmEifQ%3D%3D\">\n\t\t\t\t\t<div class=\"e-gallery-image elementor-gallery-item__image\" data-thumbnail=\"https:\/\/lhvcnewsletter.com\/wp-content\/uploads\/2025\/02\/2024_Weddings_05-200x300.jpg\" data-width=\"200\" data-height=\"300\" aria-label=\"\" role=\"img\" ><\/div>\n\t\t\t\t\t\t\t\t\t\t\t<div class=\"elementor-gallery-item__overlay\"><\/div>\n\t\t\t\t\t\t\t\t\t\t\t\t\t\t<\/a>\n\t\t\t\t\t\t\t<a class=\"e-gallery-item elementor-gallery-item elementor-animated-content\" href=\"https:\/\/lhvcnewsletter.com\/wp-content\/uploads\/2025\/02\/2024_Weddings_08.jpg\" data-elementor-open-lightbox=\"yes\" data-elementor-lightbox-slideshow=\"c7d10fa\" data-elementor-lightbox-description=\"2024_Weddings_08\" data-e-action-hash=\"#elementor-action%3Aaction%3Dlightbox%26settings%3DeyJpZCI6MTMyMDUsInVybCI6Imh0dHBzOlwvXC9saHZjbmV3c2xldHRlci5jb21cL3dwLWNvbnRlbnRcL3VwbG9hZHNcLzIwMjVcLzAyXC8yMDI0X1dlZGRpbmdzXzA4LmpwZyIsInNsaWRlc2hvdyI6ImM3ZDEwZmEifQ%3D%3D\">\n\t\t\t\t\t<div class=\"e-gallery-image elementor-gallery-item__image\" data-thumbnail=\"https:\/\/lhvcnewsletter.com\/wp-content\/uploads\/2025\/02\/2024_Weddings_08-200x300.jpg\" data-width=\"200\" data-height=\"300\" aria-label=\"\" role=\"img\" ><\/div>\n\t\t\t\t\t\t\t\t\t\t\t<div class=\"elementor-gallery-item__overlay\"><\/div>\n\t\t\t\t\t\t\t\t\t\t\t\t\t\t<\/a>\n\t\t\t\t\t\t\t<a class=\"e-gallery-item elementor-gallery-item elementor-animated-content\" href=\"https:\/\/lhvcnewsletter.com\/wp-content\/uploads\/2025\/02\/2024_Weddings_04.jpg\" data-elementor-open-lightbox=\"yes\" data-elementor-lightbox-slideshow=\"c7d10fa\" data-elementor-lightbox-description=\"2024_Weddings_04\" data-e-action-hash=\"#elementor-action%3Aaction%3Dlightbox%26settings%3DeyJpZCI6MTMxOTksInVybCI6Imh0dHBzOlwvXC9saHZjbmV3c2xldHRlci5jb21cL3dwLWNvbnRlbnRcL3VwbG9hZHNcLzIwMjVcLzAyXC8yMDI0X1dlZGRpbmdzXzA0LmpwZyIsInNsaWRlc2hvdyI6ImM3ZDEwZmEifQ%3D%3D\">\n\t\t\t\t\t<div class=\"e-gallery-image elementor-gallery-item__image\" data-thumbnail=\"https:\/\/lhvcnewsletter.com\/wp-content\/uploads\/2025\/02\/2024_Weddings_04-200x300.jpg\" data-width=\"200\" data-height=\"300\" aria-label=\"\" role=\"img\" ><\/div>\n\t\t\t\t\t\t\t\t\t\t\t<div class=\"elementor-gallery-item__overlay\"><\/div>\n\t\t\t\t\t\t\t\t\t\t\t\t\t\t<\/a>\n\t\t\t\t\t\t\t<a class=\"e-gallery-item elementor-gallery-item elementor-animated-content\" href=\"https:\/\/lhvcnewsletter.com\/wp-content\/uploads\/2025\/02\/2024_Weddings_17.jpg\" data-elementor-open-lightbox=\"yes\" data-elementor-lightbox-slideshow=\"c7d10fa\" data-elementor-lightbox-description=\"2024_Weddings_17\" data-e-action-hash=\"#elementor-action%3Aaction%3Dlightbox%26settings%3DeyJpZCI6MTMyMTMsInVybCI6Imh0dHBzOlwvXC9saHZjbmV3c2xldHRlci5jb21cL3dwLWNvbnRlbnRcL3VwbG9hZHNcLzIwMjVcLzAyXC8yMDI0X1dlZGRpbmdzXzE3LmpwZyIsInNsaWRlc2hvdyI6ImM3ZDEwZmEifQ%3D%3D\">\n\t\t\t\t\t<div class=\"e-gallery-image elementor-gallery-item__image\" data-thumbnail=\"https:\/\/lhvcnewsletter.com\/wp-content\/uploads\/2025\/02\/2024_Weddings_17-300x200.jpg\" data-width=\"300\" data-height=\"200\" aria-label=\"\" role=\"img\" ><\/div>\n\t\t\t\t\t\t\t\t\t\t\t<div class=\"elementor-gallery-item__overlay\"><\/div>\n\t\t\t\t\t\t\t\t\t\t\t\t\t\t<\/a>\n\t\t\t\t\t\t\t<a class=\"e-gallery-item elementor-gallery-item elementor-animated-content\" href=\"https:\/\/lhvcnewsletter.com\/wp-content\/uploads\/2025\/02\/2024_Weddings_14-scaled.jpg\" data-elementor-open-lightbox=\"yes\" data-elementor-lightbox-slideshow=\"c7d10fa\" data-elementor-lightbox-description=\"2024_Weddings_14\" data-e-action-hash=\"#elementor-action%3Aaction%3Dlightbox%26settings%3DeyJpZCI6MTMxOTMsInVybCI6Imh0dHBzOlwvXC9saHZjbmV3c2xldHRlci5jb21cL3dwLWNvbnRlbnRcL3VwbG9hZHNcLzIwMjVcLzAyXC8yMDI0X1dlZGRpbmdzXzE0LXNjYWxlZC5qcGciLCJzbGlkZXNob3ciOiJjN2QxMGZhIn0%3D\">\n\t\t\t\t\t<div class=\"e-gallery-image elementor-gallery-item__image\" data-thumbnail=\"https:\/\/lhvcnewsletter.com\/wp-content\/uploads\/2025\/02\/2024_Weddings_14-300x200.jpg\" data-width=\"300\" data-height=\"200\" aria-label=\"\" role=\"img\" ><\/div>\n\t\t\t\t\t\t\t\t\t\t\t<div class=\"elementor-gallery-item__overlay\"><\/div>\n\t\t\t\t\t\t\t\t\t\t\t\t\t\t<\/a>\n\t\t\t\t\t\t\t<a class=\"e-gallery-item elementor-gallery-item elementor-animated-content\" href=\"https:\/\/lhvcnewsletter.com\/wp-content\/uploads\/2025\/02\/2024_Weddings_14-1.jpg\" data-elementor-open-lightbox=\"yes\" data-elementor-lightbox-slideshow=\"c7d10fa\" data-elementor-lightbox-description=\"2024_Weddings_14\" data-e-action-hash=\"#elementor-action%3Aaction%3Dlightbox%26settings%3DeyJpZCI6MTMyMTEsInVybCI6Imh0dHBzOlwvXC9saHZjbmV3c2xldHRlci5jb21cL3dwLWNvbnRlbnRcL3VwbG9hZHNcLzIwMjVcLzAyXC8yMDI0X1dlZGRpbmdzXzE0LTEuanBnIiwic2xpZGVzaG93IjoiYzdkMTBmYSJ9\">\n\t\t\t\t\t<div class=\"e-gallery-image elementor-gallery-item__image\" data-thumbnail=\"https:\/\/lhvcnewsletter.com\/wp-content\/uploads\/2025\/02\/2024_Weddings_14-1-300x200.jpg\" data-width=\"300\" data-height=\"200\" aria-label=\"\" role=\"img\" ><\/div>\n\t\t\t\t\t\t\t\t\t\t\t<div class=\"elementor-gallery-item__overlay\"><\/div>\n\t\t\t\t\t\t\t\t\t\t\t\t\t\t<\/a>\n\t\t\t\t\t<\/div>\n\t\t\t\t\t<\/div>\n\t\t\t\t<\/div>\n\t\t\t\t<\/div>\n\t\t\t\t<div class=\"elementor-element elementor-element-b5d8456 elementor-widget elementor-widget-qi_addons_for_elementor_icon_with_text\" data-id=\"b5d8456\" data-element_type=\"widget\" data-e-type=\"widget\" data-widget_type=\"qi_addons_for_elementor_icon_with_text.default\">\n\t\t\t\t<div class=\"elementor-widget-container\">\n\t\t\t\t\t<div class=\"qodef-shortcode qodef-m qodef-qi-icon-with-text qodef-layout--top qodef--icon-pack qodef-alignment--center\" >\n\t\t\t<div class=\"qodef-m-icon-wrapper\">\n\t\t\t\t<div class=\"qodef-m-icon-holder\">\n\t\t<svg aria-hidden=\"true\" class=\"e-font-icon-svg e-fas-heart\" viewBox=\"0 0 512 512\" xmlns=\"http:\/\/www.w3.org\/2000\/svg\"><path d=\"M462.3 62.6C407.5 15.9 326 24.3 275.7 76.2L256 96.5l-19.7-20.3C186.1 24.3 104.5 15.9 49.7 62.6c-62.8 53.6-66.1 149.8-9.9 207.9l193.5 199.8c12.5 12.9 32.8 12.9 45.3 0l193.5-199.8c56.3-58.1 53-154.3-9.8-207.9z\"><\/path><\/svg>\t<\/div>\n\t\t<\/div>\n\t\t<div class=\"qodef-m-content\">\n\t\t\t\t\t<h4 class=\"qodef-m-title\">\n\t\t\t\t\t<span class=\"qodef-m-title-text\">\u00bfEst\u00e1s buscando comenzar una vida juntos?<\/span>\n\t\t\t<\/h4>\n\t\t\t<div class=\"qodef-m-text\"><div class=\"n4sEPd\"><div class=\"FFpbKc\">\u00a0<\/div><\/div><div class=\"QcsUad BDJ8fb sMVRZe hCXDsb wneUed\"><div class=\"usGWQd\"><div class=\"KkbLmb\"><div class=\"lRu31\"><span class=\"HwtZe\"><span class=\"jCAhz ChMk0b\"><span class=\"ryNqvb\">Deje que Bodas Por Estilo De Vida Haga Realidad Sus Sue\u00f1os.<\/span><\/span><\/span><\/div><\/div><\/div><\/div><\/div>\n\t\t\t<div class=\"qodef-m-button qodef-qi-clear\">\n\t\t<a class=\"qodef-shortcode qodef-m qodef-qi-button qodef-html--link qodef-layout--filled qodef-type--standard qodef-icon--right qodef-hover--icon-move-horizontal-short\" href=\"https:\/\/www.lhvcresorts.com\/page\/weddings\" target=\"_self\">\t<span class=\"qodef-m-text\">CONT\u00c1CTENOS AHORA<\/span>\t<\/a>\t<\/div>\n\t<\/div>\n<\/div>\n\t\t\t\t<\/div>\n\t\t\t\t<\/div>\n\t\t\t\t<div class=\"elementor-element elementor-element-42288d2 elementor-widget elementor-widget-spacer\" data-id=\"42288d2\" data-element_type=\"widget\" data-e-type=\"widget\" data-widget_type=\"spacer.default\">\n\t\t\t\t<div class=\"elementor-widget-container\">\n\t\t\t\t\t\t\t<div class=\"elementor-spacer\">\n\t\t\t<div class=\"elementor-spacer-inner\"><\/div>\n\t\t<\/div>\n\t\t\t\t\t\t<\/div>\n\t\t\t\t<\/div>\n\t\t\t\t\t<\/div>\n\t\t\t\t<\/div>\n\t\t\t\t<\/div>\n\t\t","protected":false},"excerpt":{"rendered":"<p>Bodas y Eventos Especiales La Boda que Te Mereces. S\u00d3LO DI \u201cACEPTO\u201d Permite que Weddings by Lifestyle haga realidad tus sue\u00f1os. Nuestro compromiso es ofrecer a nuestros hu\u00e9spedes una colecci\u00f3n de paquetes de bodas a precios competitivos, basados en la innovaci\u00f3n, honestidad y responsabilidad de un equipo profesional que garantiza los m\u00e1s altos est\u00e1ndares de [&hellip;]<\/p>\n","protected":false},"author":1,"featured_media":0,"parent":0,"menu_order":0,"comment_status":"closed","ping_status":"closed","template":"elementor_header_footer","meta":{"_themeisle_gutenberg_block_has_review":false,"footnotes":""},"class_list":["post-14526","page","type-page","status-publish","hentry"],"_links":{"self":[{"href":"https:\/\/lhvcnewsletter.com\/es\/wp-json\/wp\/v2\/pages\/14526","targetHints":{"allow":["GET"]}}],"collection":[{"href":"https:\/\/lhvcnewsletter.com\/es\/wp-json\/wp\/v2\/pages"}],"about":[{"href":"https:\/\/lhvcnewsletter.com\/es\/wp-json\/wp\/v2\/types\/page"}],"author":[{"embeddable":true,"href":"https:\/\/lhvcnewsletter.com\/es\/wp-json\/wp\/v2\/users\/1"}],"replies":[{"embeddable":true,"href":"https:\/\/lhvcnewsletter.com\/es\/wp-json\/wp\/v2\/comments?post=14526"}],"version-history":[{"count":4,"href":"https:\/\/lhvcnewsletter.com\/es\/wp-json\/wp\/v2\/pages\/14526\/revisions"}],"predecessor-version":[{"id":14531,"href":"https:\/\/lhvcnewsletter.com\/es\/wp-json\/wp\/v2\/pages\/14526\/revisions\/14531"}],"wp:attachment":[{"href":"https:\/\/lhvcnewsletter.com\/es\/wp-json\/wp\/v2\/media?parent=14526"}],"curies":[{"name":"wp","href":"https:\/\/api.w.org\/{rel}","templated":true}]}}