{"id":14517,"date":"2021-08-13T20:13:12","date_gmt":"2021-08-13T20:13:12","guid":{"rendered":"https:\/\/lhvcnewsletter.com\/?page_id=14517"},"modified":"2025-04-22T16:16:50","modified_gmt":"2025-04-22T16:16:50","slug":"restaurants-bars","status":"publish","type":"page","link":"https:\/\/lhvcnewsletter.com\/es\/restaurants-bars\/","title":{"rendered":"Restaurantes y Bares"},"content":{"rendered":"\t\t<div data-elementor-type=\"wp-page\" data-elementor-id=\"14517\" class=\"elementor elementor-14517 elementor-8952\" data-elementor-post-type=\"page\">\n\t\t\t\t\t\t<section class=\"elementor-section elementor-top-section elementor-element elementor-element-e04cf28 elementor-section-boxed elementor-section-height-default elementor-section-height-default\" data-id=\"e04cf28\" data-element_type=\"section\" data-e-type=\"section\" data-settings=\"{&quot;background_background&quot;:&quot;classic&quot;}\">\n\t\t\t\t\t\t<div class=\"elementor-container elementor-column-gap-no\">\n\t\t\t\t\t<div class=\"elementor-column elementor-col-100 elementor-top-column elementor-element elementor-element-2bc4ba6c\" data-id=\"2bc4ba6c\" data-element_type=\"column\" data-e-type=\"column\">\n\t\t\t<div class=\"elementor-widget-wrap elementor-element-populated\">\n\t\t\t\t\t\t<div class=\"elementor-element elementor-element-6646e4ab elementor-widget elementor-widget-heading\" data-id=\"6646e4ab\" data-element_type=\"widget\" data-e-type=\"widget\" data-widget_type=\"heading.default\">\n\t\t\t\t<div class=\"elementor-widget-container\">\n\t\t\t\t\t<h1 class=\"elementor-heading-title elementor-size-default\">Restaurantes y Bares<\/h1>\t\t\t\t<\/div>\n\t\t\t\t<\/div>\n\t\t\t\t\t<\/div>\n\t\t<\/div>\n\t\t\t\t\t<\/div>\n\t\t<\/section>\n\t\t\t\t<section class=\"elementor-section elementor-top-section elementor-element elementor-element-1d112256 elementor-section-boxed elementor-section-height-default elementor-section-height-default\" data-id=\"1d112256\" data-element_type=\"section\" data-e-type=\"section\">\n\t\t\t\t\t\t<div class=\"elementor-container elementor-column-gap-no\">\n\t\t\t\t\t<div class=\"elementor-column elementor-col-100 elementor-top-column elementor-element elementor-element-12b232ab elementor-invisible\" data-id=\"12b232ab\" data-element_type=\"column\" data-e-type=\"column\" data-settings=\"{&quot;animation&quot;:&quot;fadeInUp&quot;}\">\n\t\t\t<div class=\"elementor-widget-wrap elementor-element-populated\">\n\t\t\t\t\t\t<div class=\"elementor-element elementor-element-4175d338 elementor-widget__width-initial elementor-widget-mobile__width-inherit elementor-widget elementor-widget-counter\" data-id=\"4175d338\" data-element_type=\"widget\" data-e-type=\"widget\" data-widget_type=\"counter.default\">\n\t\t\t\t<div class=\"elementor-widget-container\">\n\t\t\t\t\t\t\t<div class=\"elementor-counter\">\n\t\t\t<div class=\"elementor-counter-title\">Restaurantes<\/div>\t\t\t<div class=\"elementor-counter-number-wrapper\">\n\t\t\t\t<span class=\"elementor-counter-number-prefix\"><\/span>\n\t\t\t\t<span class=\"elementor-counter-number\" data-duration=\"2000\" data-to-value=\"36\" data-from-value=\"0\" data-delimiter=\",\">0<\/span>\n\t\t\t\t<span class=\"elementor-counter-number-suffix\"><\/span>\n\t\t\t<\/div>\n\t\t<\/div>\n\t\t\t\t\t\t<\/div>\n\t\t\t\t<\/div>\n\t\t\t\t<div class=\"elementor-element elementor-element-7e15a1b6 elementor-widget__width-initial elementor-widget-mobile__width-inherit elementor-widget elementor-widget-counter\" data-id=\"7e15a1b6\" data-element_type=\"widget\" data-e-type=\"widget\" data-widget_type=\"counter.default\">\n\t\t\t\t<div class=\"elementor-widget-container\">\n\t\t\t\t\t\t\t<div class=\"elementor-counter\">\n\t\t\t<div class=\"elementor-counter-title\">Bares<\/div>\t\t\t<div class=\"elementor-counter-number-wrapper\">\n\t\t\t\t<span class=\"elementor-counter-number-prefix\"><\/span>\n\t\t\t\t<span class=\"elementor-counter-number\" data-duration=\"2000\" data-to-value=\"29\" data-from-value=\"0\" data-delimiter=\",\">0<\/span>\n\t\t\t\t<span class=\"elementor-counter-number-suffix\"><\/span>\n\t\t\t<\/div>\n\t\t<\/div>\n\t\t\t\t\t\t<\/div>\n\t\t\t\t<\/div>\n\t\t\t\t<div class=\"elementor-element elementor-element-fe0482b elementor-widget elementor-widget-spacer\" data-id=\"fe0482b\" data-element_type=\"widget\" data-e-type=\"widget\" data-widget_type=\"spacer.default\">\n\t\t\t\t<div class=\"elementor-widget-container\">\n\t\t\t\t\t\t\t<div class=\"elementor-spacer\">\n\t\t\t<div class=\"elementor-spacer-inner\"><\/div>\n\t\t<\/div>\n\t\t\t\t\t\t<\/div>\n\t\t\t\t<\/div>\n\t\t\t\t\t<\/div>\n\t\t<\/div>\n\t\t\t\t\t<\/div>\n\t\t<\/section>\n\t\t<div class=\"elementor-element elementor-element-24f94ff e-flex e-con-boxed e-con e-parent\" data-id=\"24f94ff\" data-element_type=\"container\" data-e-type=\"container\">\n\t\t\t\t\t<div class=\"e-con-inner\">\n\t\t<div class=\"elementor-element elementor-element-7f03013 e-con-full e-flex e-con e-child\" data-id=\"7f03013\" data-element_type=\"container\" data-e-type=\"container\">\n\t\t\t\t<div class=\"elementor-element elementor-element-8c64aec elementor-headline--style-highlight elementor-widget elementor-widget-animated-headline\" data-id=\"8c64aec\" data-element_type=\"widget\" data-e-type=\"widget\" data-settings=\"{&quot;highlighted_text&quot;:&quot;para todos los hu\\u00e9spedes&quot;,&quot;headline_style&quot;:&quot;highlight&quot;,&quot;marker&quot;:&quot;circle&quot;,&quot;loop&quot;:&quot;yes&quot;,&quot;highlight_animation_duration&quot;:1200,&quot;highlight_iteration_delay&quot;:8000}\" data-widget_type=\"animated-headline.default\">\n\t\t\t\t<div class=\"elementor-widget-container\">\n\t\t\t\t\t\t\t<h3 class=\"elementor-headline\">\n\t\t\t\t\t<span class=\"elementor-headline-plain-text elementor-headline-text-wrapper\">Restaurantes<\/span>\n\t\t\t\t<span class=\"elementor-headline-dynamic-wrapper elementor-headline-text-wrapper\">\n\t\t\t\t\t<span class=\"elementor-headline-dynamic-text elementor-headline-text-active\">para todos los hu\u00e9spedes<\/span>\n\t\t\t\t<\/span>\n\t\t\t\t<\/h3>\n\t\t\t\t\t\t<\/div>\n\t\t\t\t<\/div>\n\t\t\t\t<div class=\"elementor-element elementor-element-fd87d42 elementor-widget elementor-widget-text-editor\" data-id=\"fd87d42\" data-element_type=\"widget\" data-e-type=\"widget\" data-widget_type=\"text-editor.default\">\n\t\t\t\t<div class=\"elementor-widget-container\">\n\t\t\t\t\t\t\t\t\t<ul><li>Casablanca (Buffet Internacional)<\/li><li>Indochine (Cocina Asi\u00e1tica)<\/li><li>The Blue Lagoon (Parrillada Caribe\u00f1a)<\/li><li>Bellini (Cocina Italiana)<\/li><li>Trapiche Paradise (Cocina Tex-Mex)<\/li><li>The Pearl (Buffet Internacional)<\/li><li>Moomtaz (Comida Tailandesa) \u2013 Cofres\u00ed Palm<\/li><li>El Pil\u00f3n (Cocina Dominicana Aut\u00e9ntica)<\/li><li>Johnny\u2019s (Cocina Internacional)<\/li><li>Moonlight (Cocina Internacional)<\/li><li>Rodizio (Churrasquer\u00eda Brasile\u00f1a)<\/li><\/ul>\t\t\t\t\t\t\t\t<\/div>\n\t\t\t\t<\/div>\n\t\t\t\t<div class=\"elementor-element elementor-element-b93f6d1 elementor-headline--style-highlight elementor-widget elementor-widget-animated-headline\" data-id=\"b93f6d1\" data-element_type=\"widget\" data-e-type=\"widget\" data-settings=\"{&quot;highlighted_text&quot;:&quot;para todos los hu\\u00e9spedes&quot;,&quot;headline_style&quot;:&quot;highlight&quot;,&quot;marker&quot;:&quot;circle&quot;,&quot;loop&quot;:&quot;yes&quot;,&quot;highlight_animation_duration&quot;:1200,&quot;highlight_iteration_delay&quot;:8000}\" data-widget_type=\"animated-headline.default\">\n\t\t\t\t<div class=\"elementor-widget-container\">\n\t\t\t\t\t\t\t<h3 class=\"elementor-headline\">\n\t\t\t\t\t<span class=\"elementor-headline-plain-text elementor-headline-text-wrapper\">Bares<\/span>\n\t\t\t\t<span class=\"elementor-headline-dynamic-wrapper elementor-headline-text-wrapper\">\n\t\t\t\t\t<span class=\"elementor-headline-dynamic-text elementor-headline-text-active\">para todos los hu\u00e9spedes<\/span>\n\t\t\t\t<\/span>\n\t\t\t\t<\/h3>\n\t\t\t\t\t\t<\/div>\n\t\t\t\t<\/div>\n\t\t\t\t<div class=\"elementor-element elementor-element-6d00e7e elementor-widget elementor-widget-text-editor\" data-id=\"6d00e7e\" data-element_type=\"widget\" data-e-type=\"widget\" data-widget_type=\"text-editor.default\">\n\t\t\t\t<div class=\"elementor-widget-container\">\n\t\t\t\t\t\t\t\t\t<ul><li>La Cayena (Bar en el Lobby)<\/li><li>Las Canas (Bar en la Piscina)<\/li><li>Mirage (Bar en la Piscina)<\/li><li>Stars (Bar del Coliseo)<\/li><li>Sizzle (En el Teatro Lights, Camera, Action)<\/li><li>Aqua (Bar dentro de la Piscina)<\/li><li>Cheers (Bar en la Piscina)<\/li><li>Frost (Bar en la Piscina)<\/li><li>Pirates Cove (Bar en la Piscina)<\/li><li>Chasers (Bar en la Piscina)<\/li><li>Bourbon Street Bar (Suites Presidenciales)<\/li><\/ul>\t\t\t\t\t\t\t\t<\/div>\n\t\t\t\t<\/div>\n\t\t\t\t<div class=\"elementor-element elementor-element-009cab0 elementor-headline--style-highlight elementor-widget elementor-widget-animated-headline\" data-id=\"009cab0\" data-element_type=\"widget\" data-e-type=\"widget\" data-settings=\"{&quot;highlighted_text&quot;:&quot;para todos los miembros e invitados especiales&quot;,&quot;headline_style&quot;:&quot;highlight&quot;,&quot;marker&quot;:&quot;circle&quot;,&quot;loop&quot;:&quot;yes&quot;,&quot;highlight_animation_duration&quot;:1200,&quot;highlight_iteration_delay&quot;:8000}\" data-widget_type=\"animated-headline.default\">\n\t\t\t\t<div class=\"elementor-widget-container\">\n\t\t\t\t\t\t\t<h3 class=\"elementor-headline\">\n\t\t\t\t\t<span class=\"elementor-headline-plain-text elementor-headline-text-wrapper\">RESTAURANTES V.I.P.<\/span>\n\t\t\t\t<span class=\"elementor-headline-dynamic-wrapper elementor-headline-text-wrapper\">\n\t\t\t\t\t<span class=\"elementor-headline-dynamic-text elementor-headline-text-active\">para todos los miembros e invitados especiales<\/span>\n\t\t\t\t<\/span>\n\t\t\t\t<\/h3>\n\t\t\t\t\t\t<\/div>\n\t\t\t\t<\/div>\n\t\t\t\t<div class=\"elementor-element elementor-element-6ac8417 elementor-widget elementor-widget-text-editor\" data-id=\"6ac8417\" data-element_type=\"widget\" data-e-type=\"widget\" data-widget_type=\"text-editor.default\">\n\t\t\t\t<div class=\"elementor-widget-container\">\n\t\t\t\t\t\t\t\t\t<ul><li>V.I.P. Simply Gourmet (Carnes y Mariscos)<\/li><li>Intimates (Mariscos)<\/li><li>Azul (Cocina Exclusiva)<\/li><li>Blues Restaurant<\/li><li>Wine Cellar (Churrasquer\u00eda Brasile\u00f1a)<\/li><li>Jazz (Bistr\u00f3 Franc\u00e9s)<\/li><li>Tapas Lounge (Tapas Espa\u00f1olas \u2013 A la Carta VIP)<\/li><\/ul>\t\t\t\t\t\t\t\t<\/div>\n\t\t\t\t<\/div>\n\t\t\t\t<div class=\"elementor-element elementor-element-5f81440 elementor-headline--style-highlight elementor-widget elementor-widget-animated-headline\" data-id=\"5f81440\" data-element_type=\"widget\" data-e-type=\"widget\" data-settings=\"{&quot;highlighted_text&quot;:&quot;para todos los miembros e invitados especiales&quot;,&quot;headline_style&quot;:&quot;highlight&quot;,&quot;marker&quot;:&quot;circle&quot;,&quot;loop&quot;:&quot;yes&quot;,&quot;highlight_animation_duration&quot;:1200,&quot;highlight_iteration_delay&quot;:8000}\" data-widget_type=\"animated-headline.default\">\n\t\t\t\t<div class=\"elementor-widget-container\">\n\t\t\t\t\t\t\t<h3 class=\"elementor-headline\">\n\t\t\t\t\t<span class=\"elementor-headline-plain-text elementor-headline-text-wrapper\">BARES V.I.P. DE COMIDA LIGERA<\/span>\n\t\t\t\t<span class=\"elementor-headline-dynamic-wrapper elementor-headline-text-wrapper\">\n\t\t\t\t\t<span class=\"elementor-headline-dynamic-text elementor-headline-text-active\">para todos los miembros e invitados especiales<\/span>\n\t\t\t\t<\/span>\n\t\t\t\t<\/h3>\n\t\t\t\t\t\t<\/div>\n\t\t\t\t<\/div>\n\t\t\t\t<div class=\"elementor-element elementor-element-5b50fe8 elementor-widget elementor-widget-text-editor\" data-id=\"5b50fe8\" data-element_type=\"widget\" data-e-type=\"widget\" data-widget_type=\"text-editor.default\">\n\t\t\t\t<div class=\"elementor-widget-container\">\n\t\t\t\t\t\t\t\t\t<ul><li>The Diamond Grill<\/li><li>Beach Avenue Grill<\/li><li>Vienna Coffee House<\/li><li>Zen<\/li><li>Coconuts<\/li><li>Scoops<\/li><li>Anja\u2019s Lounge<\/li><li>Oh Crepes!<\/li><li>NV Pizza<\/li><li>Half Shell<\/li><li>Liam\u2019s On The Go<\/li><li>VIP Pool Bar<\/li><\/ul>\t\t\t\t\t\t\t\t<\/div>\n\t\t\t\t<\/div>\n\t\t\t\t<div class=\"elementor-element elementor-element-1298ff3 elementor-headline--style-highlight elementor-widget elementor-widget-animated-headline\" data-id=\"1298ff3\" data-element_type=\"widget\" data-e-type=\"widget\" data-settings=\"{&quot;highlighted_text&quot;:&quot;para todos los miembros e invitados especiales&quot;,&quot;headline_style&quot;:&quot;highlight&quot;,&quot;marker&quot;:&quot;circle&quot;,&quot;loop&quot;:&quot;yes&quot;,&quot;highlight_animation_duration&quot;:1200,&quot;highlight_iteration_delay&quot;:8000}\" data-widget_type=\"animated-headline.default\">\n\t\t\t\t<div class=\"elementor-widget-container\">\n\t\t\t\t\t\t\t<h3 class=\"elementor-headline\">\n\t\t\t\t\t<span class=\"elementor-headline-plain-text elementor-headline-text-wrapper\">BARES V.I.P.<\/span>\n\t\t\t\t<span class=\"elementor-headline-dynamic-wrapper elementor-headline-text-wrapper\">\n\t\t\t\t\t<span class=\"elementor-headline-dynamic-text elementor-headline-text-active\">para todos los miembros e invitados especiales<\/span>\n\t\t\t\t<\/span>\n\t\t\t\t<\/h3>\n\t\t\t\t\t\t<\/div>\n\t\t\t\t<\/div>\n\t\t\t\t<div class=\"elementor-element elementor-element-2059437 elementor-widget elementor-widget-text-editor\" data-id=\"2059437\" data-element_type=\"widget\" data-e-type=\"widget\" data-widget_type=\"text-editor.default\">\n\t\t\t\t<div class=\"elementor-widget-container\">\n\t\t\t\t\t\t\t\t\t<ul><li>Cosmopolitans<\/li><li>Bubbles<\/li><li>On The Rocks<\/li><li>Essence<\/li><li>Breezy Blends Bar<\/li><li>Cafe Java<\/li><li>Mixology<\/li><li>Celebrations<\/li><li>The Spot<\/li><li>Las Palmas<\/li><li>The Crystal Bar<\/li><li>The Corner Bar<\/li><li>Liam\u2019s Beach Bar<\/li><\/ul>\t\t\t\t\t\t\t\t<\/div>\n\t\t\t\t<\/div>\n\t\t\t\t<div class=\"elementor-element elementor-element-e547e81 elementor-headline--style-highlight elementor-widget elementor-widget-animated-headline\" data-id=\"e547e81\" data-element_type=\"widget\" data-e-type=\"widget\" data-settings=\"{&quot;highlighted_text&quot;:&quot;para CC\\\/CCSE\\\/OC\\\/LRE&quot;,&quot;headline_style&quot;:&quot;highlight&quot;,&quot;marker&quot;:&quot;circle&quot;,&quot;loop&quot;:&quot;yes&quot;,&quot;highlight_animation_duration&quot;:1200,&quot;highlight_iteration_delay&quot;:8000}\" data-widget_type=\"animated-headline.default\">\n\t\t\t\t<div class=\"elementor-widget-container\">\n\t\t\t\t\t\t\t<h3 class=\"elementor-headline\">\n\t\t\t\t\t<span class=\"elementor-headline-plain-text elementor-headline-text-wrapper\">Chairman\u2019s Circle<\/span>\n\t\t\t\t<span class=\"elementor-headline-dynamic-wrapper elementor-headline-text-wrapper\">\n\t\t\t\t\t<span class=\"elementor-headline-dynamic-text elementor-headline-text-active\">para CC\/CCSE\/OC\/LRE<\/span>\n\t\t\t\t<\/span>\n\t\t\t\t<\/h3>\n\t\t\t\t\t\t<\/div>\n\t\t\t\t<\/div>\n\t\t\t\t<div class=\"elementor-element elementor-element-8a8805e elementor-widget elementor-widget-text-editor\" data-id=\"8a8805e\" data-element_type=\"widget\" data-e-type=\"widget\" data-widget_type=\"text-editor.default\">\n\t\t\t\t<div class=\"elementor-widget-container\">\n\t\t\t\t\t\t\t\t\t<ul><li>CC Tower Terrace<\/li><li>The Dome<\/li><li>Ocean <\/li><li>Aquarella Bar<\/li><li>SeaLaVie Beach<\/li><li>Saffron Restaurant <\/li><li>SeaLaVie Beach Bar<\/li><li>The Wafflerie <\/li><li>The Monarch Lounge<\/li><li>Skewers<\/li><li>El Lago<\/li><li>Espadin Bar<\/li><\/ul>\t\t\t\t\t\t\t\t<\/div>\n\t\t\t\t<\/div>\n\t\t\t\t<\/div>\n\t\t<div class=\"elementor-element elementor-element-59d8a48 e-con-full e-flex e-con e-child\" data-id=\"59d8a48\" data-element_type=\"container\" data-e-type=\"container\">\n\t\t<div class=\"elementor-element elementor-element-62ea915 e-con-full e-flex e-con e-child\" data-id=\"62ea915\" data-element_type=\"container\" data-e-type=\"container\">\n\t\t\t\t<div class=\"elementor-element elementor-element-6ebd36d elementor-widget elementor-widget-image\" data-id=\"6ebd36d\" data-element_type=\"widget\" data-e-type=\"widget\" data-widget_type=\"image.default\">\n\t\t\t\t<div class=\"elementor-widget-container\">\n\t\t\t\t\t\t\t\t\t\t\t\t\t\t\t<img fetchpriority=\"high\" decoding=\"async\" width=\"1024\" height=\"650\" src=\"https:\/\/lhvcnewsletter.com\/wp-content\/uploads\/2025\/02\/2024_Azul-1024x650.jpg\" class=\"attachment-qi_addons_for_elementor_image_size_landscape size-qi_addons_for_elementor_image_size_landscape wp-image-13012\" alt=\"\" \/>\t\t\t\t\t\t\t\t\t\t\t\t\t\t\t<\/div>\n\t\t\t\t<\/div>\n\t\t\t\t<\/div>\n\t\t<div class=\"elementor-element elementor-element-c9cb47e e-con-full e-flex e-con e-child\" data-id=\"c9cb47e\" data-element_type=\"container\" data-e-type=\"container\">\n\t\t\t\t<div class=\"elementor-element elementor-element-e7946ca elementor-widget elementor-widget-image\" data-id=\"e7946ca\" data-element_type=\"widget\" data-e-type=\"widget\" data-widget_type=\"image.default\">\n\t\t\t\t<div class=\"elementor-widget-container\">\n\t\t\t\t\t\t\t\t\t\t\t\t\t\t\t<img decoding=\"async\" width=\"800\" height=\"650\" src=\"https:\/\/lhvcnewsletter.com\/wp-content\/uploads\/2025\/02\/2014-Intimates_2-800x650.jpg\" class=\"attachment-qi_addons_for_elementor_image_size_landscape size-qi_addons_for_elementor_image_size_landscape wp-image-13016\" alt=\"\" \/>\t\t\t\t\t\t\t\t\t\t\t\t\t\t\t<\/div>\n\t\t\t\t<\/div>\n\t\t\t\t<div class=\"elementor-element elementor-element-ead3671 elementor-widget elementor-widget-image\" data-id=\"ead3671\" data-element_type=\"widget\" data-e-type=\"widget\" data-widget_type=\"image.default\">\n\t\t\t\t<div class=\"elementor-widget-container\">\n\t\t\t\t\t\t\t\t\t\t\t\t\t\t\t<img decoding=\"async\" width=\"800\" height=\"650\" src=\"https:\/\/lhvcnewsletter.com\/wp-content\/uploads\/2025\/03\/2024-Ocean_1.jpg\" class=\"attachment-qi_addons_for_elementor_image_size_landscape size-qi_addons_for_elementor_image_size_landscape wp-image-14028\" alt=\"\" srcset=\"https:\/\/lhvcnewsletter.com\/wp-content\/uploads\/2025\/03\/2024-Ocean_1.jpg 800w, https:\/\/lhvcnewsletter.com\/wp-content\/uploads\/2025\/03\/2024-Ocean_1-300x244.jpg 300w, https:\/\/lhvcnewsletter.com\/wp-content\/uploads\/2025\/03\/2024-Ocean_1-768x624.jpg 768w\" sizes=\"(max-width: 800px) 100vw, 800px\" \/>\t\t\t\t\t\t\t\t\t\t\t\t\t\t\t<\/div>\n\t\t\t\t<\/div>\n\t\t\t\t<div class=\"elementor-element elementor-element-d47034b elementor-widget elementor-widget-image\" data-id=\"d47034b\" data-element_type=\"widget\" data-e-type=\"widget\" data-widget_type=\"image.default\">\n\t\t\t\t<div class=\"elementor-widget-container\">\n\t\t\t\t\t\t\t\t\t\t\t\t\t\t\t<img loading=\"lazy\" decoding=\"async\" width=\"800\" height=\"650\" src=\"https:\/\/lhvcnewsletter.com\/wp-content\/uploads\/2025\/03\/2023-Saffron_08.jpg\" class=\"attachment-qi_addons_for_elementor_image_size_landscape size-qi_addons_for_elementor_image_size_landscape wp-image-14026\" alt=\"\" srcset=\"https:\/\/lhvcnewsletter.com\/wp-content\/uploads\/2025\/03\/2023-Saffron_08.jpg 800w, https:\/\/lhvcnewsletter.com\/wp-content\/uploads\/2025\/03\/2023-Saffron_08-300x244.jpg 300w, https:\/\/lhvcnewsletter.com\/wp-content\/uploads\/2025\/03\/2023-Saffron_08-768x624.jpg 768w\" sizes=\"(max-width: 800px) 100vw, 800px\" \/>\t\t\t\t\t\t\t\t\t\t\t\t\t\t\t<\/div>\n\t\t\t\t<\/div>\n\t\t\t\t<div class=\"elementor-element elementor-element-4c57457 elementor-widget elementor-widget-image\" data-id=\"4c57457\" data-element_type=\"widget\" data-e-type=\"widget\" data-widget_type=\"image.default\">\n\t\t\t\t<div class=\"elementor-widget-container\">\n\t\t\t\t\t\t\t\t\t\t\t\t\t\t\t<img loading=\"lazy\" decoding=\"async\" width=\"800\" height=\"650\" src=\"https:\/\/lhvcnewsletter.com\/wp-content\/uploads\/2025\/03\/2024-V.I.P-Simply-Gourmet_4.jpg\" class=\"attachment-qi_addons_for_elementor_image_size_landscape size-qi_addons_for_elementor_image_size_landscape wp-image-14024\" alt=\"\" srcset=\"https:\/\/lhvcnewsletter.com\/wp-content\/uploads\/2025\/03\/2024-V.I.P-Simply-Gourmet_4.jpg 800w, https:\/\/lhvcnewsletter.com\/wp-content\/uploads\/2025\/03\/2024-V.I.P-Simply-Gourmet_4-300x244.jpg 300w, https:\/\/lhvcnewsletter.com\/wp-content\/uploads\/2025\/03\/2024-V.I.P-Simply-Gourmet_4-768x624.jpg 768w\" sizes=\"(max-width: 800px) 100vw, 800px\" \/>\t\t\t\t\t\t\t\t\t\t\t\t\t\t\t<\/div>\n\t\t\t\t<\/div>\n\t\t\t\t<\/div>\n\t\t\t\t<\/div>\n\t\t\t\t\t<\/div>\n\t\t\t\t<\/div>\n\t\t<div class=\"elementor-element elementor-element-fd0c5be e-flex e-con-boxed e-con e-parent\" data-id=\"fd0c5be\" data-element_type=\"container\" data-e-type=\"container\">\n\t\t\t\t\t<div class=\"e-con-inner\">\n\t\t\t\t<div class=\"elementor-element elementor-element-fd55824 elementor-widget elementor-widget-spacer\" data-id=\"fd55824\" data-element_type=\"widget\" data-e-type=\"widget\" data-widget_type=\"spacer.default\">\n\t\t\t\t<div class=\"elementor-widget-container\">\n\t\t\t\t\t\t\t<div class=\"elementor-spacer\">\n\t\t\t<div class=\"elementor-spacer-inner\"><\/div>\n\t\t<\/div>\n\t\t\t\t\t\t<\/div>\n\t\t\t\t<\/div>\n\t\t\t\t\t<\/div>\n\t\t\t\t<\/div>\n\t\t\t\t<\/div>\n\t\t","protected":false},"excerpt":{"rendered":"<p>Restaurantes y Bares Restaurantes 0 Bares 0 Restaurantes para todos los hu\u00e9spedes Casablanca (Buffet Internacional) Indochine (Cocina Asi\u00e1tica) The Blue Lagoon (Parrillada Caribe\u00f1a) Bellini (Cocina Italiana) Trapiche Paradise (Cocina Tex-Mex) The Pearl (Buffet Internacional) Moomtaz (Comida Tailandesa) \u2013 Cofres\u00ed Palm El Pil\u00f3n (Cocina Dominicana Aut\u00e9ntica) Johnny\u2019s (Cocina Internacional) Moonlight (Cocina Internacional) Rodizio (Churrasquer\u00eda Brasile\u00f1a) Bares [&hellip;]<\/p>\n","protected":false},"author":1,"featured_media":13116,"parent":0,"menu_order":0,"comment_status":"closed","ping_status":"closed","template":"elementor_header_footer","meta":{"_themeisle_gutenberg_block_has_review":false,"footnotes":""},"class_list":["post-14517","page","type-page","status-publish","has-post-thumbnail","hentry"],"_links":{"self":[{"href":"https:\/\/lhvcnewsletter.com\/es\/wp-json\/wp\/v2\/pages\/14517","targetHints":{"allow":["GET"]}}],"collection":[{"href":"https:\/\/lhvcnewsletter.com\/es\/wp-json\/wp\/v2\/pages"}],"about":[{"href":"https:\/\/lhvcnewsletter.com\/es\/wp-json\/wp\/v2\/types\/page"}],"author":[{"embeddable":true,"href":"https:\/\/lhvcnewsletter.com\/es\/wp-json\/wp\/v2\/users\/1"}],"replies":[{"embeddable":true,"href":"https:\/\/lhvcnewsletter.com\/es\/wp-json\/wp\/v2\/comments?post=14517"}],"version-history":[{"count":6,"href":"https:\/\/lhvcnewsletter.com\/es\/wp-json\/wp\/v2\/pages\/14517\/revisions"}],"predecessor-version":[{"id":14524,"href":"https:\/\/lhvcnewsletter.com\/es\/wp-json\/wp\/v2\/pages\/14517\/revisions\/14524"}],"wp:featuredmedia":[{"embeddable":true,"href":"https:\/\/lhvcnewsletter.com\/es\/wp-json\/wp\/v2\/media\/13116"}],"wp:attachment":[{"href":"https:\/\/lhvcnewsletter.com\/es\/wp-json\/wp\/v2\/media?parent=14517"}],"curies":[{"name":"wp","href":"https:\/\/api.w.org\/{rel}","templated":true}]}}