{"id":14484,"date":"2021-08-13T20:21:06","date_gmt":"2021-08-13T20:21:06","guid":{"rendered":"https:\/\/lhvcnewsletter.com\/featured-restaurant\/"},"modified":"2025-04-21T16:06:35","modified_gmt":"2025-04-21T16:06:35","slug":"featured-restaurant","status":"publish","type":"page","link":"https:\/\/lhvcnewsletter.com\/es\/featured-restaurant\/","title":{"rendered":"Recetas de Restaurantes Destacadas"},"content":{"rendered":"\t\t<div data-elementor-type=\"wp-page\" data-elementor-id=\"14484\" class=\"elementor elementor-14484 elementor-8960\" data-elementor-post-type=\"page\">\n\t\t\t\t\t\t<section class=\"elementor-section elementor-top-section elementor-element elementor-element-7aba7ff1 elementor-section-height-min-height elementor-section-boxed elementor-section-height-default elementor-section-items-middle\" data-id=\"7aba7ff1\" data-element_type=\"section\" data-e-type=\"section\" data-settings=\"{&quot;background_background&quot;:&quot;classic&quot;}\">\n\t\t\t\t\t\t<div class=\"elementor-container elementor-column-gap-no\">\n\t\t\t\t\t<div class=\"elementor-column elementor-col-100 elementor-top-column elementor-element elementor-element-3a9d1515\" data-id=\"3a9d1515\" data-element_type=\"column\" data-e-type=\"column\">\n\t\t\t<div class=\"elementor-widget-wrap elementor-element-populated\">\n\t\t\t\t\t\t<div class=\"elementor-element elementor-element-50bd5dc elementor-widget elementor-widget-theme-post-title elementor-page-title elementor-widget-heading\" data-id=\"50bd5dc\" data-element_type=\"widget\" data-e-type=\"widget\" data-widget_type=\"theme-post-title.default\">\n\t\t\t\t<div class=\"elementor-widget-container\">\n\t\t\t\t\t<h1 class=\"elementor-heading-title elementor-size-default\">Recetas de Restaurantes Destacadas<\/h1>\t\t\t\t<\/div>\n\t\t\t\t<\/div>\n\t\t\t\t\t<\/div>\n\t\t<\/div>\n\t\t\t\t\t<\/div>\n\t\t<\/section>\n\t\t<div class=\"elementor-element elementor-element-ba0c0a1 e-flex e-con-boxed e-con e-parent\" data-id=\"ba0c0a1\" data-element_type=\"container\" data-e-type=\"container\">\n\t\t\t\t\t<div class=\"e-con-inner\">\n\t\t\t\t<div class=\"elementor-element elementor-element-b858124 elementor-widget elementor-widget-spacer\" data-id=\"b858124\" data-element_type=\"widget\" data-e-type=\"widget\" data-widget_type=\"spacer.default\">\n\t\t\t\t<div class=\"elementor-widget-container\">\n\t\t\t\t\t\t\t<div class=\"elementor-spacer\">\n\t\t\t<div class=\"elementor-spacer-inner\"><\/div>\n\t\t<\/div>\n\t\t\t\t\t\t<\/div>\n\t\t\t\t<\/div>\n\t\t\t\t<div class=\"elementor-element elementor-element-38eec8f elementor-widget elementor-widget-qi_addons_for_elementor_dual_image_with_content\" data-id=\"38eec8f\" data-element_type=\"widget\" data-e-type=\"widget\" data-widget_type=\"qi_addons_for_elementor_dual_image_with_content.default\">\n\t\t\t\t<div class=\"elementor-widget-container\">\n\t\t\t\t\t<div class=\"qodef-shortcode qodef-m qodef-qi-dual-image-with-content qodef--content-left qodef-decoration--italic qodef-link--underline-draw qodef-qi--has-appear\">\n\t<div class=\"qodef-dual-content\">\n\t\t<div class=\"qodef-m-inner-content\">\n\t\t\t\t<h2 class=\"qodef-m-title\">\n\t\tCeviche de Pescado con Coco\t<\/h2>\n\t\t\t\t<p class=\"qodef-m-text\"><b>Ingredientes<\/b>\n<ul>\n \t<li>2 lb. de pescado fresco de tu preferencia (pescado blanco)<\/li>\n \t<li>1 cebolla roja mediana<\/li>\n \t<li>1 pimiento rojo peque\u00f1o<\/li>\n \t<li>1 pimiento amarillo peque\u00f1o<\/li>\n \t<li>1 pimiento verde peque\u00f1o<\/li>\n \t<li>1 manojo peque\u00f1o de cilantro<\/li>\n \t<li>1 taza de jugo de lim\u00f3n<\/li>\n \t<li>2 tazas de leche de coco<\/li>\n \t<li>Sal y pimienta al gusto<\/li>\n<\/ul>\n\n<br>\n\n<b>M\u00e9todo de Preparaci\u00f3n<\/b>\n<ul>\n \t<li>Corta el pescado en cubos medianos y agr\u00e9gale \u00be de taza de jugo de lim\u00f3n y suficiente agua para cubrirlo; d\u00e9jalo reposar durante 15 minutos.<\/li>\n \t<li>A\u00f1ade el restante \u00bc de jugo de lim\u00f3n a la leche de coco. Corta la cebolla y los pimientos en cubos peque\u00f1os y res\u00e9rvalos.<\/li>\n \t<li>Pica finamente las hojas de cilantro y agr\u00e9galas a la mezcla de leche de coco con el resto de las verduras.<\/li>\n \t<li>Despu\u00e9s de 15 minutos, escurre el l\u00edquido del pescado y a\u00f1ade la mezcla de leche de coco. D\u00e9jalo reposar 5 minutos m\u00e1s en el refrigerador para que el pescado absorba todos los sabores de la mezcla de leche de coco.<\/li>\n \t<li>Puedes decorar con pl\u00e1tano verde frito, camote, yuca, totopos o el acompa\u00f1ante de tu preferencia.<\/li>\n<\/ul><\/p>\n\t\t<\/div>\n\t\t<div class=\"qodef-m-inner-bottom\">\n\t\t\t\t\t<\/div>\n\t<\/div>\n\t<div class=\"qodef-image-holder\">\n\t\t<div class=\"qodef-m-main-image\">\n\t<img fetchpriority=\"high\" decoding=\"async\" width=\"1024\" height=\"1024\" src=\"https:\/\/lhvcnewsletter.com\/wp-content\/uploads\/2025\/03\/Coconut-Fish-Azul-3.jpg\" class=\"attachment-full size-full\" alt=\"\" srcset=\"https:\/\/lhvcnewsletter.com\/wp-content\/uploads\/2025\/03\/Coconut-Fish-Azul-3.jpg 1024w, https:\/\/lhvcnewsletter.com\/wp-content\/uploads\/2025\/03\/Coconut-Fish-Azul-3-300x300.jpg 300w, https:\/\/lhvcnewsletter.com\/wp-content\/uploads\/2025\/03\/Coconut-Fish-Azul-3-150x150.jpg 150w, https:\/\/lhvcnewsletter.com\/wp-content\/uploads\/2025\/03\/Coconut-Fish-Azul-3-768x768.jpg 768w, https:\/\/lhvcnewsletter.com\/wp-content\/uploads\/2025\/03\/Coconut-Fish-Azul-3-650x650.jpg 650w, https:\/\/lhvcnewsletter.com\/wp-content\/uploads\/2025\/03\/Coconut-Fish-Azul-3-45x45.jpg 45w\" sizes=\"(max-width: 1024px) 100vw, 1024px\" \/><\/div>\n\t\t<div class=\"qodef-m-second-image\">\n\t<img decoding=\"async\" width=\"450\" height=\"644\" src=\"https:\/\/lhvcnewsletter.com\/wp-content\/uploads\/2025\/03\/Coconut-Fish-Azul-1.jpg\" class=\"attachment-large size-large\" alt=\"\" srcset=\"https:\/\/lhvcnewsletter.com\/wp-content\/uploads\/2025\/03\/Coconut-Fish-Azul-1.jpg 450w, https:\/\/lhvcnewsletter.com\/wp-content\/uploads\/2025\/03\/Coconut-Fish-Azul-1-210x300.jpg 210w\" sizes=\"(max-width: 450px) 100vw, 450px\" \/><\/div>\n\t<\/div>\n<\/div>\n\t\t\t\t<\/div>\n\t\t\t\t<\/div>\n\t\t\t\t<div class=\"elementor-element elementor-element-92140b6 elementor-widget elementor-widget-spacer\" data-id=\"92140b6\" data-element_type=\"widget\" data-e-type=\"widget\" data-widget_type=\"spacer.default\">\n\t\t\t\t<div class=\"elementor-widget-container\">\n\t\t\t\t\t\t\t<div class=\"elementor-spacer\">\n\t\t\t<div class=\"elementor-spacer-inner\"><\/div>\n\t\t<\/div>\n\t\t\t\t\t\t<\/div>\n\t\t\t\t<\/div>\n\t\t\t\t\t<\/div>\n\t\t\t\t<\/div>\n\t\t\t\t<\/div>\n\t\t","protected":false},"excerpt":{"rendered":"<p>Ceviche de Pescado con Coco Ingredientes 2 lb. de pescado fresco de tu preferencia (pescado blanco) 1 cebolla roja mediana 1 pimiento rojo peque\u00f1o 1 pimiento amarillo peque\u00f1o 1 pimiento verde peque\u00f1o 1 manojo peque\u00f1o de cilantro 1 taza de jugo de lim\u00f3n 2 tazas de leche de coco Sal y pimienta al gusto M\u00e9todo [&hellip;]<\/p>\n","protected":false},"author":1,"featured_media":13118,"parent":0,"menu_order":0,"comment_status":"closed","ping_status":"closed","template":"elementor_header_footer","meta":{"_themeisle_gutenberg_block_has_review":false,"footnotes":""},"class_list":["post-14484","page","type-page","status-publish","has-post-thumbnail","hentry"],"_links":{"self":[{"href":"https:\/\/lhvcnewsletter.com\/es\/wp-json\/wp\/v2\/pages\/14484","targetHints":{"allow":["GET"]}}],"collection":[{"href":"https:\/\/lhvcnewsletter.com\/es\/wp-json\/wp\/v2\/pages"}],"about":[{"href":"https:\/\/lhvcnewsletter.com\/es\/wp-json\/wp\/v2\/types\/page"}],"author":[{"embeddable":true,"href":"https:\/\/lhvcnewsletter.com\/es\/wp-json\/wp\/v2\/users\/1"}],"replies":[{"embeddable":true,"href":"https:\/\/lhvcnewsletter.com\/es\/wp-json\/wp\/v2\/comments?post=14484"}],"version-history":[{"count":8,"href":"https:\/\/lhvcnewsletter.com\/es\/wp-json\/wp\/v2\/pages\/14484\/revisions"}],"predecessor-version":[{"id":14496,"href":"https:\/\/lhvcnewsletter.com\/es\/wp-json\/wp\/v2\/pages\/14484\/revisions\/14496"}],"wp:featuredmedia":[{"embeddable":true,"href":"https:\/\/lhvcnewsletter.com\/es\/wp-json\/wp\/v2\/media\/13118"}],"wp:attachment":[{"href":"https:\/\/lhvcnewsletter.com\/es\/wp-json\/wp\/v2\/media?parent=14484"}],"curies":[{"name":"wp","href":"https:\/\/api.w.org\/{rel}","templated":true}]}}