{"id":14457,"date":"2021-08-13T19:55:06","date_gmt":"2021-08-13T19:55:06","guid":{"rendered":"https:\/\/lhvcnewsletter.com\/employee-profiles\/"},"modified":"2025-04-21T15:52:24","modified_gmt":"2025-04-21T15:52:24","slug":"employee-profiles","status":"publish","type":"page","link":"https:\/\/lhvcnewsletter.com\/es\/employee-profiles\/","title":{"rendered":"Detr\u00e1s de escena Perfiles de empleados"},"content":{"rendered":"\t\t<div data-elementor-type=\"wp-page\" data-elementor-id=\"14457\" class=\"elementor elementor-14457 elementor-8937\" data-elementor-post-type=\"page\">\n\t\t\t\t\t\t<section class=\"elementor-section elementor-top-section elementor-element elementor-element-201430d2 elementor-section-boxed elementor-section-height-default elementor-section-height-default\" data-id=\"201430d2\" data-element_type=\"section\" data-e-type=\"section\" data-settings=\"{&quot;background_background&quot;:&quot;classic&quot;}\">\n\t\t\t\t\t\t<div class=\"elementor-container elementor-column-gap-no\">\n\t\t\t\t\t<div class=\"elementor-column elementor-col-100 elementor-top-column elementor-element elementor-element-5e97c833\" data-id=\"5e97c833\" data-element_type=\"column\" data-e-type=\"column\">\n\t\t\t<div class=\"elementor-widget-wrap elementor-element-populated\">\n\t\t\t\t\t\t<div class=\"elementor-element elementor-element-4662a301 elementor-widget elementor-widget-heading\" data-id=\"4662a301\" data-element_type=\"widget\" data-e-type=\"widget\" data-widget_type=\"heading.default\">\n\t\t\t\t<div class=\"elementor-widget-container\">\n\t\t\t\t\t<h1 class=\"elementor-heading-title elementor-size-default\">Detr\u00e1s de escena <br>Perfiles de empleados<\/h1>\t\t\t\t<\/div>\n\t\t\t\t<\/div>\n\t\t\t\t\t<\/div>\n\t\t<\/div>\n\t\t\t\t\t<\/div>\n\t\t<\/section>\n\t\t<div class=\"elementor-element elementor-element-46b0920 e-flex e-con-boxed elementor-invisible e-con e-parent\" data-id=\"46b0920\" data-element_type=\"container\" data-e-type=\"container\" data-settings=\"{&quot;animation&quot;:&quot;slideInUp&quot;}\">\n\t\t\t\t\t<div class=\"e-con-inner\">\n\t\t<div class=\"elementor-element elementor-element-aa2cd56 e-grid e-con-full e-con e-child\" data-id=\"aa2cd56\" data-element_type=\"container\" data-e-type=\"container\">\n\t\t\t\t<div class=\"elementor-element elementor-element-fc1c8fa elementor-widget elementor-widget-image\" data-id=\"fc1c8fa\" data-element_type=\"widget\" data-e-type=\"widget\" data-widget_type=\"image.default\">\n\t\t\t\t<div class=\"elementor-widget-container\">\n\t\t\t\t\t\t\t\t\t\t\t\t\t\t\t<img fetchpriority=\"high\" decoding=\"async\" width=\"800\" height=\"800\" src=\"https:\/\/lhvcnewsletter.com\/wp-content\/uploads\/2025\/03\/Chamique-Martinez.jpg\" class=\"attachment-large size-large wp-image-13818\" alt=\"\" srcset=\"https:\/\/lhvcnewsletter.com\/wp-content\/uploads\/2025\/03\/Chamique-Martinez.jpg 1024w, https:\/\/lhvcnewsletter.com\/wp-content\/uploads\/2025\/03\/Chamique-Martinez-300x300.jpg 300w, https:\/\/lhvcnewsletter.com\/wp-content\/uploads\/2025\/03\/Chamique-Martinez-150x150.jpg 150w, https:\/\/lhvcnewsletter.com\/wp-content\/uploads\/2025\/03\/Chamique-Martinez-768x768.jpg 768w, https:\/\/lhvcnewsletter.com\/wp-content\/uploads\/2025\/03\/Chamique-Martinez-650x650.jpg 650w, https:\/\/lhvcnewsletter.com\/wp-content\/uploads\/2025\/03\/Chamique-Martinez-45x45.jpg 45w\" sizes=\"(max-width: 800px) 100vw, 800px\" \/>\t\t\t\t\t\t\t\t\t\t\t\t\t\t\t<\/div>\n\t\t\t\t<\/div>\n\t\t\t\t<div class=\"elementor-element elementor-element-1d4fecd elementor-widget elementor-widget-text-editor\" data-id=\"1d4fecd\" data-element_type=\"widget\" data-e-type=\"widget\" data-widget_type=\"text-editor.default\">\n\t\t\t\t<div class=\"elementor-widget-container\">\n\t\t\t\t\t\t\t\t\t<h3>Chamique Martinez<\/h3><h4><span style=\"color: #b5985a;\">Nuestra nueva supervisora de Atencion al Cliente VIP<\/span><\/h4><p>Nos emociona presentar a Chamique Martinez, la nueva integrante de nuestro equipo de Atenci\u00f3n al Cliente VIP, quien se une como Supervisora. Su pasi\u00f3n por la hospitalidad y su compromiso con un servicio personalizado garantizar\u00e1n que nuestros valiosos miembros disfruten de la mejor experiencia en cada visita.<\/p><p>Chamique tiene mucha experiencia en el \u00e1rea de hospitalidad, con s\u00f3lidas habilidades en atenci\u00f3n al cliente y servicio VIP. Como Supervisora, trabajar\u00e1 junto a su equipo para mejorar tu experiencia desde la llegada, asistir con solicitudes especiales y asegurarse de que tu estad\u00eda sea fluida desde el check-in hasta la despedida.<\/p><p>La pr\u00f3xima vez que est\u00e9s en el resort, \u00a1no olvides saludar a Chamique!<\/p><p>\u00a1Bienvenida al equipo, Chamique!<\/p>\t\t\t\t\t\t\t\t<\/div>\n\t\t\t\t<\/div>\n\t\t\t\t<\/div>\n\t\t\t\t\t<\/div>\n\t\t\t\t<\/div>\n\t\t<div class=\"elementor-element elementor-element-bfa4fcd e-flex e-con-boxed elementor-invisible e-con e-parent\" data-id=\"bfa4fcd\" data-element_type=\"container\" data-e-type=\"container\" data-settings=\"{&quot;animation&quot;:&quot;slideInRight&quot;}\">\n\t\t\t\t\t<div class=\"e-con-inner\">\n\t\t<div class=\"elementor-element elementor-element-898978e e-grid e-con-full e-con e-child\" data-id=\"898978e\" data-element_type=\"container\" data-e-type=\"container\">\n\t\t\t\t<div class=\"elementor-element elementor-element-658ed14 elementor-widget elementor-widget-image\" data-id=\"658ed14\" data-element_type=\"widget\" data-e-type=\"widget\" data-widget_type=\"image.default\">\n\t\t\t\t<div class=\"elementor-widget-container\">\n\t\t\t\t\t\t\t\t\t\t\t\t\t\t\t<img decoding=\"async\" width=\"800\" height=\"800\" src=\"https:\/\/lhvcnewsletter.com\/wp-content\/uploads\/2025\/03\/Isabel-Montero.jpg\" class=\"attachment-large size-large wp-image-13820\" alt=\"\" srcset=\"https:\/\/lhvcnewsletter.com\/wp-content\/uploads\/2025\/03\/Isabel-Montero.jpg 1024w, https:\/\/lhvcnewsletter.com\/wp-content\/uploads\/2025\/03\/Isabel-Montero-300x300.jpg 300w, https:\/\/lhvcnewsletter.com\/wp-content\/uploads\/2025\/03\/Isabel-Montero-150x150.jpg 150w, https:\/\/lhvcnewsletter.com\/wp-content\/uploads\/2025\/03\/Isabel-Montero-768x768.jpg 768w, https:\/\/lhvcnewsletter.com\/wp-content\/uploads\/2025\/03\/Isabel-Montero-650x650.jpg 650w, https:\/\/lhvcnewsletter.com\/wp-content\/uploads\/2025\/03\/Isabel-Montero-45x45.jpg 45w\" sizes=\"(max-width: 800px) 100vw, 800px\" \/>\t\t\t\t\t\t\t\t\t\t\t\t\t\t\t<\/div>\n\t\t\t\t<\/div>\n\t\t\t\t<div class=\"elementor-element elementor-element-51972f0 elementor-widget elementor-widget-text-editor\" data-id=\"51972f0\" data-element_type=\"widget\" data-e-type=\"widget\" data-widget_type=\"text-editor.default\">\n\t\t\t\t<div class=\"elementor-widget-container\">\n\t\t\t\t\t\t\t\t\t<h3>Isabel Montero<\/h3><h4><span style=\"color: #b5985a;\">Concierge VIP<\/span><\/h4><p><em><strong>Un ejemplo de compromiso y calida<\/strong><\/em><\/p><p>En nuestro Lifestyle Holidays Vacation Club, el \u00e9xito se construye gracias a personas dedicadas, y Isabel Montero es un claro ejemplo de ello. Su compromiso, profesionalismo y pasi\u00f3n por el servicio la han convertido en una parte fundamental del equipo de restaurantes VIP. Siempre atenta a los detalles y con una actitud positiva, Isabel se asegura de que cada miembro reciba un servicio excepcional y disfrute de experiencias gastron\u00f3micas inolvidables.<\/p>\t\t\t\t\t\t\t\t<\/div>\n\t\t\t\t<\/div>\n\t\t\t\t<\/div>\n\t\t\t\t\t<\/div>\n\t\t\t\t<\/div>\n\t\t<div class=\"elementor-element elementor-element-06ae766 e-flex e-con-boxed elementor-invisible e-con e-parent\" data-id=\"06ae766\" data-element_type=\"container\" data-e-type=\"container\" data-settings=\"{&quot;animation&quot;:&quot;slideInLeft&quot;}\">\n\t\t\t\t\t<div class=\"e-con-inner\">\n\t\t<div class=\"elementor-element elementor-element-a7f69b6 e-grid e-con-full e-con e-child\" data-id=\"a7f69b6\" data-element_type=\"container\" data-e-type=\"container\">\n\t\t\t\t<div class=\"elementor-element elementor-element-8196c3e elementor-widget elementor-widget-image\" data-id=\"8196c3e\" data-element_type=\"widget\" data-e-type=\"widget\" data-widget_type=\"image.default\">\n\t\t\t\t<div class=\"elementor-widget-container\">\n\t\t\t\t\t\t\t\t\t\t\t\t\t\t\t<img decoding=\"async\" width=\"800\" height=\"800\" src=\"https:\/\/lhvcnewsletter.com\/wp-content\/uploads\/2025\/03\/Manuela-Cid.jpg\" class=\"attachment-large size-large wp-image-13822\" alt=\"\" srcset=\"https:\/\/lhvcnewsletter.com\/wp-content\/uploads\/2025\/03\/Manuela-Cid.jpg 1024w, https:\/\/lhvcnewsletter.com\/wp-content\/uploads\/2025\/03\/Manuela-Cid-300x300.jpg 300w, https:\/\/lhvcnewsletter.com\/wp-content\/uploads\/2025\/03\/Manuela-Cid-150x150.jpg 150w, https:\/\/lhvcnewsletter.com\/wp-content\/uploads\/2025\/03\/Manuela-Cid-768x768.jpg 768w, https:\/\/lhvcnewsletter.com\/wp-content\/uploads\/2025\/03\/Manuela-Cid-650x650.jpg 650w, https:\/\/lhvcnewsletter.com\/wp-content\/uploads\/2025\/03\/Manuela-Cid-45x45.jpg 45w\" sizes=\"(max-width: 800px) 100vw, 800px\" \/>\t\t\t\t\t\t\t\t\t\t\t\t\t\t\t<\/div>\n\t\t\t\t<\/div>\n\t\t\t\t<div class=\"elementor-element elementor-element-91337ee elementor-widget elementor-widget-text-editor\" data-id=\"91337ee\" data-element_type=\"widget\" data-e-type=\"widget\" data-widget_type=\"text-editor.default\">\n\t\t\t\t<div class=\"elementor-widget-container\">\n\t\t\t\t\t\t\t\t\t<h3>Manuela Cid<\/h3><h4><span style=\"color: #b5985a;\">Concierge de Chairman\u2019s Circle<\/span><\/h4><p><strong><em>Una parte esencial de nuestro \u00e9xito<\/em><\/strong><\/p><p>Manuela Cid es la definici\u00f3n de trabajo arduo y siempre est\u00e1 dispuesta a ayudar. Su dedicaci\u00f3n supera consistentemente las expectativas, y su toque extra de cuidado y diligencia la ha convertido en una parte vital de nuestro equipo. No es sorpresa que su trabajo sea muy apreciado por nuestros afiliados del Chairman\u2019s Circle, quienes reconocen la calidez y la excelencia que ella aporta en cada interacci\u00f3n.<\/p>\t\t\t\t\t\t\t\t<\/div>\n\t\t\t\t<\/div>\n\t\t\t\t<\/div>\n\t\t\t\t\t<\/div>\n\t\t\t\t<\/div>\n\t\t<div class=\"elementor-element elementor-element-44df9a6 e-flex e-con-boxed elementor-invisible e-con e-parent\" data-id=\"44df9a6\" data-element_type=\"container\" data-e-type=\"container\" data-settings=\"{&quot;animation&quot;:&quot;slideInUp&quot;}\">\n\t\t\t\t\t<div class=\"e-con-inner\">\n\t\t<div class=\"elementor-element elementor-element-2d20de4 e-grid e-con-full e-con e-child\" data-id=\"2d20de4\" data-element_type=\"container\" data-e-type=\"container\">\n\t\t\t\t<div class=\"elementor-element elementor-element-4fe3015 elementor-widget elementor-widget-image\" data-id=\"4fe3015\" data-element_type=\"widget\" data-e-type=\"widget\" data-widget_type=\"image.default\">\n\t\t\t\t<div class=\"elementor-widget-container\">\n\t\t\t\t\t\t\t\t\t\t\t\t\t\t\t<img loading=\"lazy\" decoding=\"async\" width=\"800\" height=\"800\" src=\"https:\/\/lhvcnewsletter.com\/wp-content\/uploads\/2025\/03\/Paullette-Caraballo-.jpg\" class=\"attachment-large size-large wp-image-13824\" alt=\"\" srcset=\"https:\/\/lhvcnewsletter.com\/wp-content\/uploads\/2025\/03\/Paullette-Caraballo-.jpg 1024w, https:\/\/lhvcnewsletter.com\/wp-content\/uploads\/2025\/03\/Paullette-Caraballo--300x300.jpg 300w, https:\/\/lhvcnewsletter.com\/wp-content\/uploads\/2025\/03\/Paullette-Caraballo--150x150.jpg 150w, https:\/\/lhvcnewsletter.com\/wp-content\/uploads\/2025\/03\/Paullette-Caraballo--768x768.jpg 768w, https:\/\/lhvcnewsletter.com\/wp-content\/uploads\/2025\/03\/Paullette-Caraballo--650x650.jpg 650w, https:\/\/lhvcnewsletter.com\/wp-content\/uploads\/2025\/03\/Paullette-Caraballo--45x45.jpg 45w\" sizes=\"(max-width: 800px) 100vw, 800px\" \/>\t\t\t\t\t\t\t\t\t\t\t\t\t\t\t<\/div>\n\t\t\t\t<\/div>\n\t\t\t\t<div class=\"elementor-element elementor-element-6b897de elementor-widget elementor-widget-text-editor\" data-id=\"6b897de\" data-element_type=\"widget\" data-e-type=\"widget\" data-widget_type=\"text-editor.default\">\n\t\t\t\t<div class=\"elementor-widget-container\">\n\t\t\t\t\t\t\t\t\t<h3>Paullette Caraballo<\/h3><h4><span style=\"color: #b5985a;\">Administradora de Chairman\u2019s Circle<\/span><\/h4><p><strong><em>La fuerza detr\u00e1s de escena<\/em><\/strong><\/p><p>Paullette Caraballo desempe\u00f1a un papel crucial para garantizar el buen funcionamiento del equipo del Chairman\u2019s Circle. Enfocada en las tareas y altamente organizada, es una adici\u00f3n brillante al departamento. Su trabajo detr\u00e1s de escena permite que sus compa\u00f1eros representantes brillen en sus tareas diarias. Un verdadero reflejo de lo invaluable que son sus contribuciones para el \u00e9xito del equipo.<\/p>\t\t\t\t\t\t\t\t<\/div>\n\t\t\t\t<\/div>\n\t\t\t\t<\/div>\n\t\t\t\t\t<\/div>\n\t\t\t\t<\/div>\n\t\t<div class=\"elementor-element elementor-element-44fd3fe e-flex e-con-boxed elementor-invisible e-con e-parent\" data-id=\"44fd3fe\" data-element_type=\"container\" data-e-type=\"container\" data-settings=\"{&quot;animation&quot;:&quot;slideInRight&quot;}\">\n\t\t\t\t\t<div class=\"e-con-inner\">\n\t\t<div class=\"elementor-element elementor-element-b0cf1de e-grid e-con-full e-con e-child\" data-id=\"b0cf1de\" data-element_type=\"container\" data-e-type=\"container\">\n\t\t\t\t<div class=\"elementor-element elementor-element-3d52e33 elementor-widget elementor-widget-image\" data-id=\"3d52e33\" data-element_type=\"widget\" data-e-type=\"widget\" data-widget_type=\"image.default\">\n\t\t\t\t<div class=\"elementor-widget-container\">\n\t\t\t\t\t\t\t\t\t\t\t\t\t\t\t<img loading=\"lazy\" decoding=\"async\" width=\"800\" height=\"800\" src=\"https:\/\/lhvcnewsletter.com\/wp-content\/uploads\/2025\/03\/Elianny-Vasquez.jpg\" class=\"attachment-large size-large wp-image-13826\" alt=\"\" srcset=\"https:\/\/lhvcnewsletter.com\/wp-content\/uploads\/2025\/03\/Elianny-Vasquez.jpg 1024w, https:\/\/lhvcnewsletter.com\/wp-content\/uploads\/2025\/03\/Elianny-Vasquez-300x300.jpg 300w, https:\/\/lhvcnewsletter.com\/wp-content\/uploads\/2025\/03\/Elianny-Vasquez-150x150.jpg 150w, https:\/\/lhvcnewsletter.com\/wp-content\/uploads\/2025\/03\/Elianny-Vasquez-768x768.jpg 768w, https:\/\/lhvcnewsletter.com\/wp-content\/uploads\/2025\/03\/Elianny-Vasquez-650x650.jpg 650w, https:\/\/lhvcnewsletter.com\/wp-content\/uploads\/2025\/03\/Elianny-Vasquez-45x45.jpg 45w\" sizes=\"(max-width: 800px) 100vw, 800px\" \/>\t\t\t\t\t\t\t\t\t\t\t\t\t\t\t<\/div>\n\t\t\t\t<\/div>\n\t\t\t\t<div class=\"elementor-element elementor-element-60c4473 elementor-widget elementor-widget-text-editor\" data-id=\"60c4473\" data-element_type=\"widget\" data-e-type=\"widget\" data-widget_type=\"text-editor.default\">\n\t\t\t\t<div class=\"elementor-widget-container\">\n\t\t\t\t\t\t\t\t\t<h3>Eliany Vasquez<\/h3><h4><span style=\"color: #b5985a;\">Recepcionista de Atenci\u00f3n al Cliente<\/span><\/h4><p>Eliany V\u00e1squez es una miembro excepcionalmente servicial y dedicada de nuestro equipo de Recepci\u00f3n de Atenci\u00f3n al Cliente. Siempre ofrece un servicio destacado a nuestros miembros, asegur\u00e1ndose de que sus necesidades sean atendidas con profesionalismo, cuidado y atenci\u00f3n al detalle.<\/p><p>Una verdadera jugadora de equipo, Eliany trabaja de manera impecable con sus colegas y siempre est\u00e1 lista para ayudar donde sea necesario. Su actitud amable y su naturaleza cort\u00e9s crean un ambiente c\u00e1lido y acogedor, haciendo que cada interacci\u00f3n sea una experiencia positiva y agradable para nuestros miembros.<\/p>\t\t\t\t\t\t\t\t<\/div>\n\t\t\t\t<\/div>\n\t\t\t\t<\/div>\n\t\t\t\t\t<\/div>\n\t\t\t\t<\/div>\n\t\t<div class=\"elementor-element elementor-element-15ef5d3 e-flex e-con-boxed elementor-invisible e-con e-parent\" data-id=\"15ef5d3\" data-element_type=\"container\" data-e-type=\"container\" data-settings=\"{&quot;animation&quot;:&quot;slideInLeft&quot;}\">\n\t\t\t\t\t<div class=\"e-con-inner\">\n\t\t<div class=\"elementor-element elementor-element-e8994f1 e-grid e-con-full e-con e-child\" data-id=\"e8994f1\" data-element_type=\"container\" data-e-type=\"container\">\n\t\t\t\t<div class=\"elementor-element elementor-element-f35d3f5 elementor-widget elementor-widget-image\" data-id=\"f35d3f5\" data-element_type=\"widget\" data-e-type=\"widget\" data-widget_type=\"image.default\">\n\t\t\t\t<div class=\"elementor-widget-container\">\n\t\t\t\t\t\t\t\t\t\t\t\t\t\t\t<img loading=\"lazy\" decoding=\"async\" width=\"800\" height=\"800\" src=\"https:\/\/lhvcnewsletter.com\/wp-content\/uploads\/2025\/03\/Rosangel-Cordero.jpg\" class=\"attachment-large size-large wp-image-13828\" alt=\"\" srcset=\"https:\/\/lhvcnewsletter.com\/wp-content\/uploads\/2025\/03\/Rosangel-Cordero.jpg 1024w, https:\/\/lhvcnewsletter.com\/wp-content\/uploads\/2025\/03\/Rosangel-Cordero-300x300.jpg 300w, https:\/\/lhvcnewsletter.com\/wp-content\/uploads\/2025\/03\/Rosangel-Cordero-150x150.jpg 150w, https:\/\/lhvcnewsletter.com\/wp-content\/uploads\/2025\/03\/Rosangel-Cordero-768x768.jpg 768w, https:\/\/lhvcnewsletter.com\/wp-content\/uploads\/2025\/03\/Rosangel-Cordero-650x650.jpg 650w, https:\/\/lhvcnewsletter.com\/wp-content\/uploads\/2025\/03\/Rosangel-Cordero-45x45.jpg 45w\" sizes=\"(max-width: 800px) 100vw, 800px\" \/>\t\t\t\t\t\t\t\t\t\t\t\t\t\t\t<\/div>\n\t\t\t\t<\/div>\n\t\t\t\t<div class=\"elementor-element elementor-element-8d94898 elementor-widget elementor-widget-text-editor\" data-id=\"8d94898\" data-element_type=\"widget\" data-e-type=\"widget\" data-widget_type=\"text-editor.default\">\n\t\t\t\t<div class=\"elementor-widget-container\">\n\t\t\t\t\t\t\t\t\t<h3>Rosangel Cordero<\/h3><h4><span style=\"color: #b5985a;\">Concierge VIP<\/span><\/h4><p>Como una Concierge dedicada y atenta en Villas, Rosangel siempre va m\u00e1s all\u00e1 para asegurarse de que nuestros miembros disfruten de una experiencia vacacional inolvidable.<\/p><p>Con su aguda atenci\u00f3n al detalle y su genuina pasi\u00f3n por la hospitalidad, Rosangel se enorgullece de dar seguimiento a los miembros durante toda su estad\u00eda, anticipando sus necesidades y asegur\u00e1ndose de que cada aspecto de su visita transcurra sin problemas. Ya sea coordinando solicitudes especiales, ofreciendo recomendaciones locales o atendiendo r\u00e1pidamente cualquier preocupaci\u00f3n, su compromiso con la excelencia garantiza una escapada relajante y libre de estr\u00e9s para todos.<\/p>\t\t\t\t\t\t\t\t<\/div>\n\t\t\t\t<\/div>\n\t\t\t\t<\/div>\n\t\t\t\t\t<\/div>\n\t\t\t\t<\/div>\n\t\t<div class=\"elementor-element elementor-element-9af6b25 e-flex e-con-boxed elementor-invisible e-con e-parent\" data-id=\"9af6b25\" data-element_type=\"container\" data-e-type=\"container\" data-settings=\"{&quot;animation&quot;:&quot;slideInUp&quot;}\">\n\t\t\t\t\t<div class=\"e-con-inner\">\n\t\t<div class=\"elementor-element elementor-element-1d80571 e-grid e-con-full e-con e-child\" data-id=\"1d80571\" data-element_type=\"container\" data-e-type=\"container\">\n\t\t\t\t<div class=\"elementor-element elementor-element-ea36159 elementor-widget elementor-widget-image\" data-id=\"ea36159\" data-element_type=\"widget\" data-e-type=\"widget\" data-widget_type=\"image.default\">\n\t\t\t\t<div class=\"elementor-widget-container\">\n\t\t\t\t\t\t\t\t\t\t\t\t\t\t\t<img loading=\"lazy\" decoding=\"async\" width=\"800\" height=\"800\" src=\"https:\/\/lhvcnewsletter.com\/wp-content\/uploads\/2025\/03\/Anthony-Acosta.jpg\" class=\"attachment-large size-large wp-image-14154\" alt=\"\" srcset=\"https:\/\/lhvcnewsletter.com\/wp-content\/uploads\/2025\/03\/Anthony-Acosta.jpg 1024w, https:\/\/lhvcnewsletter.com\/wp-content\/uploads\/2025\/03\/Anthony-Acosta-300x300.jpg 300w, https:\/\/lhvcnewsletter.com\/wp-content\/uploads\/2025\/03\/Anthony-Acosta-150x150.jpg 150w, https:\/\/lhvcnewsletter.com\/wp-content\/uploads\/2025\/03\/Anthony-Acosta-768x768.jpg 768w, https:\/\/lhvcnewsletter.com\/wp-content\/uploads\/2025\/03\/Anthony-Acosta-650x650.jpg 650w, https:\/\/lhvcnewsletter.com\/wp-content\/uploads\/2025\/03\/Anthony-Acosta-45x45.jpg 45w\" sizes=\"(max-width: 800px) 100vw, 800px\" \/>\t\t\t\t\t\t\t\t\t\t\t\t\t\t\t<\/div>\n\t\t\t\t<\/div>\n\t\t\t\t<div class=\"elementor-element elementor-element-bbddbbf elementor-widget elementor-widget-text-editor\" data-id=\"bbddbbf\" data-element_type=\"widget\" data-e-type=\"widget\" data-widget_type=\"text-editor.default\">\n\t\t\t\t<div class=\"elementor-widget-container\">\n\t\t\t\t\t\t\t\t\t<h3>Antonny Acosta<\/h3><h4><span style=\"color: #b5985a;\">Concierge VIP Service<\/span><\/h4><p>Antonny es uno de nuestros concierge m\u00e1s recientes, y r\u00e1pidamente se ha convertido en un miembro invaluable de nuestro equipo, ofreciendo un servicio excepcional con un enfoque c\u00e1lido y profesional. Siempre dispuesto a dar un paso m\u00e1s, anticipa las necesidades de los hu\u00e9spedes antes incluso de que las expresen, asegur\u00e1ndose de que cada experiencia sea fluida e inolvidable. Ya sea asegurando reservaciones de \u00faltima hora, personalizando recomendaciones o manejando solicitudes especiales con eficiencia y cuidado, Antonny Acosta encarna nuestro compromiso con la excelencia. Estamos orgullosos de tenerlo como parte de nuestro equipo.<\/p>\t\t\t\t\t\t\t\t<\/div>\n\t\t\t\t<\/div>\n\t\t\t\t<\/div>\n\t\t\t\t\t<\/div>\n\t\t\t\t<\/div>\n\t\t<div class=\"elementor-element elementor-element-3939a6c e-flex e-con-boxed elementor-invisible e-con e-parent\" data-id=\"3939a6c\" data-element_type=\"container\" data-e-type=\"container\" data-settings=\"{&quot;animation&quot;:&quot;slideInUp&quot;}\">\n\t\t\t\t\t<div class=\"e-con-inner\">\n\t\t<div class=\"elementor-element elementor-element-b62a8bb e-grid e-con-full e-con e-child\" data-id=\"b62a8bb\" data-element_type=\"container\" data-e-type=\"container\">\n\t\t\t\t<div class=\"elementor-element elementor-element-72fad8b elementor-widget elementor-widget-image\" data-id=\"72fad8b\" data-element_type=\"widget\" data-e-type=\"widget\" data-widget_type=\"image.default\">\n\t\t\t\t<div class=\"elementor-widget-container\">\n\t\t\t\t\t\t\t\t\t\t\t\t\t\t\t<img loading=\"lazy\" decoding=\"async\" width=\"800\" height=\"800\" src=\"https:\/\/lhvcnewsletter.com\/wp-content\/uploads\/2025\/04\/Daniela_Mateo.jpg\" class=\"attachment-large size-large wp-image-14175\" alt=\"\" srcset=\"https:\/\/lhvcnewsletter.com\/wp-content\/uploads\/2025\/04\/Daniela_Mateo.jpg 1024w, https:\/\/lhvcnewsletter.com\/wp-content\/uploads\/2025\/04\/Daniela_Mateo-300x300.jpg 300w, https:\/\/lhvcnewsletter.com\/wp-content\/uploads\/2025\/04\/Daniela_Mateo-150x150.jpg 150w, https:\/\/lhvcnewsletter.com\/wp-content\/uploads\/2025\/04\/Daniela_Mateo-768x768.jpg 768w, https:\/\/lhvcnewsletter.com\/wp-content\/uploads\/2025\/04\/Daniela_Mateo-650x650.jpg 650w, https:\/\/lhvcnewsletter.com\/wp-content\/uploads\/2025\/04\/Daniela_Mateo-45x45.jpg 45w\" sizes=\"(max-width: 800px) 100vw, 800px\" \/>\t\t\t\t\t\t\t\t\t\t\t\t\t\t\t<\/div>\n\t\t\t\t<\/div>\n\t\t\t\t<div class=\"elementor-element elementor-element-2ee23b3 elementor-widget elementor-widget-text-editor\" data-id=\"2ee23b3\" data-element_type=\"widget\" data-e-type=\"widget\" data-widget_type=\"text-editor.default\">\n\t\t\t\t<div class=\"elementor-widget-container\">\n\t\t\t\t\t\t\t\t\t<h3>Daniela Mateo<\/h3><h4><span style=\"color: #b5985a;\">Una l\u00edder dedicada en la orientaci\u00f3n de nuevos miembros<\/span><\/h4><p>En el centro de nuestro equipo de Orientaci\u00f3n de Nuevas Miembros se encuentra Daniela Mateo, una profesional dedicada que da la bienvenida y apoya a cada nuevo miembro desde el primer d\u00eda. Recientemente promovida a Asistente de Supervisora, la amabilidad y el compromiso de Daniela han tenido un impacto positivo en sus colegas y miembros. Desde que se uni\u00f3, ha mejorado la experiencia de orientaci\u00f3n, haci\u00e9ndola m\u00e1s informativa y acogedora. Su promoci\u00f3n reconoce sus habilidades de liderazgo y resoluci\u00f3n de problemas. Estamos agradecidos por Daniela y emocionados de ver su \u00e9xito en su nuevo rol. \u00a1Felic\u00edtenla si la ven!<\/p>\t\t\t\t\t\t\t\t<\/div>\n\t\t\t\t<\/div>\n\t\t\t\t<\/div>\n\t\t\t\t\t<\/div>\n\t\t\t\t<\/div>\n\t\t<div class=\"elementor-element elementor-element-818a050 e-flex e-con-boxed e-con e-parent\" data-id=\"818a050\" data-element_type=\"container\" data-e-type=\"container\">\n\t\t\t\t\t<div class=\"e-con-inner\">\n\t\t\t\t<div class=\"elementor-element elementor-element-743ad47 elementor-widget elementor-widget-spacer\" data-id=\"743ad47\" data-element_type=\"widget\" data-e-type=\"widget\" data-widget_type=\"spacer.default\">\n\t\t\t\t<div class=\"elementor-widget-container\">\n\t\t\t\t\t\t\t<div class=\"elementor-spacer\">\n\t\t\t<div class=\"elementor-spacer-inner\"><\/div>\n\t\t<\/div>\n\t\t\t\t\t\t<\/div>\n\t\t\t\t<\/div>\n\t\t\t\t\t<\/div>\n\t\t\t\t<\/div>\n\t\t\t\t<\/div>\n\t\t","protected":false},"excerpt":{"rendered":"<p>Detr\u00e1s de escena Perfiles de empleados Chamique Martinez Nuestra nueva supervisora de Atencion al Cliente VIP Nos emociona presentar a Chamique Martinez, la nueva integrante de nuestro equipo de Atenci\u00f3n al Cliente VIP, quien se une como Supervisora. Su pasi\u00f3n por la hospitalidad y su compromiso con un servicio personalizado garantizar\u00e1n que nuestros valiosos miembros [&hellip;]<\/p>\n","protected":false},"author":1,"featured_media":9723,"parent":0,"menu_order":0,"comment_status":"closed","ping_status":"closed","template":"elementor_header_footer","meta":{"_themeisle_gutenberg_block_has_review":false,"footnotes":""},"class_list":["post-14457","page","type-page","status-publish","has-post-thumbnail","hentry"],"_links":{"self":[{"href":"https:\/\/lhvcnewsletter.com\/es\/wp-json\/wp\/v2\/pages\/14457","targetHints":{"allow":["GET"]}}],"collection":[{"href":"https:\/\/lhvcnewsletter.com\/es\/wp-json\/wp\/v2\/pages"}],"about":[{"href":"https:\/\/lhvcnewsletter.com\/es\/wp-json\/wp\/v2\/types\/page"}],"author":[{"embeddable":true,"href":"https:\/\/lhvcnewsletter.com\/es\/wp-json\/wp\/v2\/users\/1"}],"replies":[{"embeddable":true,"href":"https:\/\/lhvcnewsletter.com\/es\/wp-json\/wp\/v2\/comments?post=14457"}],"version-history":[{"count":16,"href":"https:\/\/lhvcnewsletter.com\/es\/wp-json\/wp\/v2\/pages\/14457\/revisions"}],"predecessor-version":[{"id":14473,"href":"https:\/\/lhvcnewsletter.com\/es\/wp-json\/wp\/v2\/pages\/14457\/revisions\/14473"}],"wp:featuredmedia":[{"embeddable":true,"href":"https:\/\/lhvcnewsletter.com\/es\/wp-json\/wp\/v2\/media\/9723"}],"wp:attachment":[{"href":"https:\/\/lhvcnewsletter.com\/es\/wp-json\/wp\/v2\/media?parent=14457"}],"curies":[{"name":"wp","href":"https:\/\/api.w.org\/{rel}","templated":true}]}}